{"id":3908,"date":"2023-02-17T15:02:51","date_gmt":"2023-02-17T20:02:51","guid":{"rendered":"https:\/\/ninjutsu.com.co\/ArnobySinam\/?page_id=3908"},"modified":"2025-10-13T16:56:22","modified_gmt":"2025-10-13T21:56:22","slug":"espana-2-001","status":"publish","type":"page","link":"https:\/\/ninjutsu.com.co\/ArnobySinam\/espana-2-001\/","title":{"rendered":"Espa\u00f1a 2.001"},"content":{"rendered":"\t\t<div data-elementor-type=\"wp-page\" data-elementor-id=\"3908\" class=\"elementor elementor-3908\">\n\t\t\t\t\t\t<section class=\"elementor-section elementor-top-section elementor-element elementor-element-e346c9f elementor-section-boxed elementor-section-height-default elementor-section-height-default\" data-id=\"e346c9f\" data-element_type=\"section\">\n\t\t\t\t\t\t\t<div class=\"elementor-background-overlay\"><\/div>\n\t\t\t\t\t\t\t<div class=\"elementor-container elementor-column-gap-default\">\n\t\t\t\t\t<div class=\"elementor-column elementor-col-100 elementor-top-column elementor-element elementor-element-f1bbabb\" data-id=\"f1bbabb\" data-element_type=\"column\">\n\t\t\t<div class=\"elementor-widget-wrap elementor-element-populated\">\n\t\t\t\t\t\t<div class=\"elementor-element elementor-element-03d18bc elementor-widget elementor-widget-heading\" data-id=\"03d18bc\" data-element_type=\"widget\" data-widget_type=\"heading.default\">\n\t\t\t\t<div class=\"elementor-widget-container\">\n\t\t\t\t\t<h1 class=\"elementor-heading-title elementor-size-default\">ESPA\u00d1A 2.001<\/h1>\t\t\t\t<\/div>\n\t\t\t\t<\/div>\n\t\t\t\t\t<\/div>\n\t\t<\/div>\n\t\t\t\t\t<\/div>\n\t\t<\/section>\n\t\t\t\t<section class=\"elementor-section elementor-top-section elementor-element elementor-element-ee35e22 elementor-section-boxed elementor-section-height-default elementor-section-height-default\" data-id=\"ee35e22\" data-element_type=\"section\">\n\t\t\t\t\t\t<div class=\"elementor-container elementor-column-gap-default\">\n\t\t\t\t\t<div class=\"elementor-column elementor-col-100 elementor-top-column elementor-element elementor-element-d5f533b\" data-id=\"d5f533b\" data-element_type=\"column\">\n\t\t\t<div class=\"elementor-widget-wrap elementor-element-populated\">\n\t\t\t\t\t\t<div class=\"elementor-element elementor-element-6123825 elementor-widget elementor-widget-heading\" data-id=\"6123825\" data-element_type=\"widget\" data-widget_type=\"heading.default\">\n\t\t\t\t<div class=\"elementor-widget-container\">\n\t\t\t\t\t<h2 class=\"elementor-heading-title elementor-size-default\">Viaje de estudio a Espa\u00f1a - 2do viaje<\/h2>\t\t\t\t<\/div>\n\t\t\t\t<\/div>\n\t\t\t\t<div class=\"elementor-element elementor-element-b296803 elementor-widget elementor-widget-text-editor\" data-id=\"b296803\" data-element_type=\"widget\" data-widget_type=\"text-editor.default\">\n\t\t\t\t<div class=\"elementor-widget-container\">\n\t\t\t\t\t\t\t\t\t<p style=\"margin: 0cm; margin-bottom: .0001pt;\">Este es el recuerdo de mi segundo viaje a la ciudad de Telde, Gran Canaria, Espa\u00f1a. Me acompa\u00f1\u00f3 en este viaje mi t\u00edo Jairo Alba Moreno, quien se trasladaba a vivir a este pa\u00eds; y la gran coincidencia, era que llegaba a vivir a la capital de la Gran Canaria, Las Palmas.<\/p>\n<p style=\"margin: 0cm; margin-bottom: .0001pt;\">Sal\u00ed desde C\u00facuta, mi ciudad de residencia en ese momento, con rumbo a Bogot\u00e1 para encontrarme con mi t\u00edo. Desde all\u00ed tomamos vuelo a Madrid y luego a Las Palmas de Gran Canaria.<\/p>\n<p style=\"margin: 0cm; margin-bottom: .0001pt;\">La primera semana de entrenamiento era combinada con el seminario 2do seminario de Medicina Natural Amatsu Tatara, dirigido por el Shihan Chris Roworth de Inglaterra. Era mi segunda vez en este tipo de eventos; adem\u00e1s estaba con muchas ganas de aprender, luego de los conocimientos recibidos en el a\u00f1o inmediatamente anterior.<\/p>\n<p style=\"margin: 0cm; margin-bottom: .0001pt;\">Las clases grupales y privadas estuvieron concentradas en estudiar el Ten Chi Jin Ryaku no Maki y los programas de escuelas, contemplados en los programas de estudio de 1er a 4to Dan. Fueron semanas maravillosas, llenas de mucho entrenamiento y aprendizaje con cada uno de quienes estuvieron a cargo de las clases.<\/p>\n<p style=\"margin: 0cm; margin-bottom: .0001pt;\">Como postre; tuvimos el gran seminario dirigido por el Shihan Julio Toribio, de Bujinkan USA; seminario dedicado al estudio del Kenjutsu, el arte de la espada japonesa.<br><\/p>\n<p style=\"margin: 0cm; margin-bottom: .0001pt;\">\n<\/p><p><br><\/p>\n<p style=\"margin: 0cm; margin-bottom: .0001pt;\">\n<\/p><p style=\"margin: 0cm; margin-bottom: .0001pt;\">Bujinkan Unry\u00fb D\u00f4j\u00f4 del Shihan Pedro Fleitas Gonz\u00e1lez est\u00e1 ubicado en la direcci\u00f3n:<\/p>\n<p style=\"margin: 0cm; margin-bottom: .0001pt;\">C. Eduardo Dato, 9, 35200 Telde, Las Palmas, Espa\u00f1a.<\/p>\t\t\t\t\t\t\t\t<\/div>\n\t\t\t\t<\/div>\n\t\t\t\t<div class=\"elementor-element elementor-element-bb62e0f elementor-widget elementor-widget-wp-widget-ngg-images\" data-id=\"bb62e0f\" data-element_type=\"widget\" data-widget_type=\"wp-widget-ngg-images.default\">\n\t\t\t\t<div class=\"elementor-widget-container\">\n\t\t\t\t\t[Not a valid template]\t\t\t\t<\/div>\n\t\t\t\t<\/div>\n\t\t\t\t<div class=\"elementor-element elementor-element-22b957a elementor-widget elementor-widget-google_maps\" data-id=\"22b957a\" data-element_type=\"widget\" data-widget_type=\"google_maps.default\">\n\t\t\t\t<div class=\"elementor-widget-container\">\n\t\t\t\t\t\t\t<div class=\"elementor-custom-embed\">\n\t\t\t<iframe loading=\"lazy\"\n\t\t\t\t\tsrc=\"https:\/\/maps.google.com\/maps?q=C.%20Eduardo%20Dato%2C%209%2C%20telde&#038;t=m&#038;z=17&#038;output=embed&#038;iwloc=near\"\n\t\t\t\t\ttitle=\"C. Eduardo Dato, 9, telde\"\n\t\t\t\t\taria-label=\"C. Eduardo Dato, 9, telde\"\n\t\t\t><\/iframe>\n\t\t<\/div>\n\t\t\t\t\t\t<\/div>\n\t\t\t\t<\/div>\n\t\t\t\t\t<\/div>\n\t\t<\/div>\n\t\t\t\t\t<\/div>\n\t\t<\/section>\n\t\t\t\t<\/div>\n\t\t","protected":false},"excerpt":{"rendered":"<p>ESPA\u00d1A 2.001 Viaje de estudio a Espa\u00f1a &#8211; 2do viaje Este es el recuerdo de mi segundo viaje a la ciudad de Telde, Gran Canaria, Espa\u00f1a. Me acompa\u00f1\u00f3 en este viaje mi t\u00edo Jairo Alba Moreno, quien se trasladaba a vivir a este pa\u00eds; y la gran coincidencia, era que llegaba a vivir a la [&hellip;]<\/p>\n","protected":false},"author":1,"featured_media":0,"parent":0,"menu_order":0,"comment_status":"closed","ping_status":"closed","template":"","meta":{"site-sidebar-layout":"no-sidebar","site-content-layout":"page-builder","ast-site-content-layout":"default","site-content-style":"default","site-sidebar-style":"default","ast-global-header-display":"","ast-banner-title-visibility":"","ast-main-header-display":"","ast-hfb-above-header-display":"","ast-hfb-below-header-display":"","ast-hfb-mobile-header-display":"","site-post-title":"disabled","ast-breadcrumbs-content":"","ast-featured-img":"disabled","footer-sml-layout":"","theme-transparent-header-meta":"default","adv-header-id-meta":"","stick-header-meta":"default","header-above-stick-meta":"","header-main-stick-meta":"","header-below-stick-meta":"","astra-migrate-meta-layouts":"default","ast-page-background-enabled":"default","ast-page-background-meta":{"desktop":{"background-color":"","background-image":"","background-repeat":"repeat","background-position":"center center","background-size":"auto","background-attachment":"scroll","background-type":"","background-media":"","overlay-type":"","overlay-color":"","overlay-opacity":"","overlay-gradient":""},"tablet":{"background-color":"","background-image":"","background-repeat":"repeat","background-position":"center center","background-size":"auto","background-attachment":"scroll","background-type":"","background-media":"","overlay-type":"","overlay-color":"","overlay-opacity":"","overlay-gradient":""},"mobile":{"background-color":"","background-image":"","background-repeat":"repeat","background-position":"center center","background-size":"auto","background-attachment":"scroll","background-type":"","background-media":"","overlay-type":"","overlay-color":"","overlay-opacity":"","overlay-gradient":""}},"ast-content-background-meta":{"desktop":{"background-color":"var(--ast-global-color-5)","background-image":"","background-repeat":"repeat","background-position":"center center","background-size":"auto","background-attachment":"scroll","background-type":"","background-media":"","overlay-type":"","overlay-color":"","overlay-opacity":"","overlay-gradient":""},"tablet":{"background-color":"var(--ast-global-color-5)","background-image":"","background-repeat":"repeat","background-position":"center center","background-size":"auto","background-attachment":"scroll","background-type":"","background-media":"","overlay-type":"","overlay-color":"","overlay-opacity":"","overlay-gradient":""},"mobile":{"background-color":"var(--ast-global-color-5)","background-image":"","background-repeat":"repeat","background-position":"center center","background-size":"auto","background-attachment":"scroll","background-type":"","background-media":"","overlay-type":"","overlay-color":"","overlay-opacity":"","overlay-gradient":""}},"ngg_post_thumbnail":0,"footnotes":""},"class_list":["post-3908","page","type-page","status-publish","hentry"],"yoast_head":"<!-- This site is optimized with the Yoast SEO Premium plugin v20.1 (Yoast SEO v26.5) - https:\/\/yoast.com\/wordpress\/plugins\/seo\/ -->\n<title>Espa\u00f1a 2.001 - Artes Marciales - ARNOBY SINAM<\/title>\n<meta name=\"robots\" content=\"index, follow, max-snippet:-1, max-image-preview:large, max-video-preview:-1\" \/>\n<link rel=\"canonical\" href=\"https:\/\/ninjutsu.com.co\/ArnobySinam\/espana-2-001\/\" \/>\n<meta property=\"og:locale\" content=\"es_ES\" \/>\n<meta property=\"og:type\" content=\"article\" \/>\n<meta property=\"og:title\" content=\"Espa\u00f1a 2.001\" \/>\n<meta property=\"og:description\" content=\"ESPA\u00d1A 2.001 Viaje de estudio a Espa\u00f1a &#8211; 2do viaje Este es el recuerdo de mi segundo viaje a la ciudad de Telde, Gran Canaria, Espa\u00f1a. Me acompa\u00f1\u00f3 en este viaje mi t\u00edo Jairo Alba Moreno, quien se trasladaba a vivir a este pa\u00eds; y la gran coincidencia, era que llegaba a vivir a la [&hellip;]\" \/>\n<meta property=\"og:url\" content=\"https:\/\/ninjutsu.com.co\/ArnobySinam\/espana-2-001\/\" \/>\n<meta property=\"og:site_name\" content=\"Artes Marciales - ARNOBY SINAM\" \/>\n<meta property=\"article:publisher\" content=\"https:\/\/www.facebook.com\/BujinkanColombia\" \/>\n<meta property=\"article:modified_time\" content=\"2025-10-13T21:56:22+00:00\" \/>\n<meta property=\"og:image\" content=\"https:\/\/i0.wp.com\/ninjutsu.com.co\/ArnobySinam\/wp-content\/uploads\/2023\/06\/SEO.jpg?fit=1200%2C675&ssl=1\" \/>\n\t<meta property=\"og:image:width\" content=\"1200\" \/>\n\t<meta property=\"og:image:height\" content=\"675\" \/>\n\t<meta property=\"og:image:type\" content=\"image\/jpeg\" \/>\n<meta name=\"twitter:card\" content=\"summary_large_image\" \/>\n<meta name=\"twitter:label1\" content=\"Tiempo de lectura\" \/>\n\t<meta name=\"twitter:data1\" content=\"8 minutos\" \/>\n<script type=\"application\/ld+json\" class=\"yoast-schema-graph\">{\"@context\":\"https:\/\/schema.org\",\"@graph\":[{\"@type\":\"WebPage\",\"@id\":\"https:\/\/ninjutsu.com.co\/ArnobySinam\/espana-2-001\/\",\"url\":\"https:\/\/ninjutsu.com.co\/ArnobySinam\/espana-2-001\/\",\"name\":\"Espa\u00f1a 2.001 - Artes Marciales - ARNOBY SINAM\",\"isPartOf\":{\"@id\":\"https:\/\/ninjutsu.com.co\/ArnobySinam\/#website\"},\"datePublished\":\"2023-02-17T20:02:51+00:00\",\"dateModified\":\"2025-10-13T21:56:22+00:00\",\"breadcrumb\":{\"@id\":\"https:\/\/ninjutsu.com.co\/ArnobySinam\/espana-2-001\/#breadcrumb\"},\"inLanguage\":\"es\",\"potentialAction\":[{\"@type\":\"ReadAction\",\"target\":[\"https:\/\/ninjutsu.com.co\/ArnobySinam\/espana-2-001\/\"]}]},{\"@type\":\"BreadcrumbList\",\"@id\":\"https:\/\/ninjutsu.com.co\/ArnobySinam\/espana-2-001\/#breadcrumb\",\"itemListElement\":[{\"@type\":\"ListItem\",\"position\":1,\"name\":\"Home\",\"item\":\"https:\/\/ninjutsu.com.co\/ArnobySinam\/\"},{\"@type\":\"ListItem\",\"position\":2,\"name\":\"Espa\u00f1a 2.001\"}]},{\"@type\":\"WebSite\",\"@id\":\"https:\/\/ninjutsu.com.co\/ArnobySinam\/#website\",\"url\":\"https:\/\/ninjutsu.com.co\/ArnobySinam\/\",\"name\":\"Ninjutsu Colombia - ARNOBY SINAM\",\"description\":\"Artes Marciales, cultura japonesa y supervivencia - Colombia\",\"publisher\":{\"@id\":\"https:\/\/ninjutsu.com.co\/ArnobySinam\/#organization\"},\"alternateName\":\"Artes Marciales, Ninjutsu y Kenjutsu\",\"potentialAction\":[{\"@type\":\"SearchAction\",\"target\":{\"@type\":\"EntryPoint\",\"urlTemplate\":\"https:\/\/ninjutsu.com.co\/ArnobySinam\/?s={search_term_string}\"},\"query-input\":{\"@type\":\"PropertyValueSpecification\",\"valueRequired\":true,\"valueName\":\"search_term_string\"}}],\"inLanguage\":\"es\"},{\"@type\":\"Organization\",\"@id\":\"https:\/\/ninjutsu.com.co\/ArnobySinam\/#organization\",\"name\":\"Ninjutsu Colombia - ARNOBY SINAM\",\"url\":\"https:\/\/ninjutsu.com.co\/ArnobySinam\/\",\"logo\":{\"@type\":\"ImageObject\",\"inLanguage\":\"es\",\"@id\":\"https:\/\/ninjutsu.com.co\/ArnobySinam\/#\/schema\/logo\/image\/\",\"url\":\"https:\/\/i0.wp.com\/ninjutsu.com.co\/ArnobySinam\/wp-content\/uploads\/2023\/02\/Logo2023NINYT.png?fit=1134%2C1134&ssl=1\",\"contentUrl\":\"https:\/\/i0.wp.com\/ninjutsu.com.co\/ArnobySinam\/wp-content\/uploads\/2023\/02\/Logo2023NINYT.png?fit=1134%2C1134&ssl=1\",\"width\":1134,\"height\":1134,\"caption\":\"Ninjutsu Colombia - ARNOBY SINAM\"},\"image\":{\"@id\":\"https:\/\/ninjutsu.com.co\/ArnobySinam\/#\/schema\/logo\/image\/\"},\"sameAs\":[\"https:\/\/www.facebook.com\/BujinkanColombia\",\"https:\/\/www.instagram.com\/BujinkanColombia\",\"https:\/\/www.youtube.com\/BujinkanColombia\"]}]}<\/script>\n<!-- \/ Yoast SEO Premium plugin. -->","yoast_head_json":{"title":"Espa\u00f1a 2.001 - Artes Marciales - ARNOBY SINAM","robots":{"index":"index","follow":"follow","max-snippet":"max-snippet:-1","max-image-preview":"max-image-preview:large","max-video-preview":"max-video-preview:-1"},"canonical":"https:\/\/ninjutsu.com.co\/ArnobySinam\/espana-2-001\/","og_locale":"es_ES","og_type":"article","og_title":"Espa\u00f1a 2.001","og_description":"ESPA\u00d1A 2.001 Viaje de estudio a Espa\u00f1a &#8211; 2do viaje Este es el recuerdo de mi segundo viaje a la ciudad de Telde, Gran Canaria, Espa\u00f1a. Me acompa\u00f1\u00f3 en este viaje mi t\u00edo Jairo Alba Moreno, quien se trasladaba a vivir a este pa\u00eds; y la gran coincidencia, era que llegaba a vivir a la [&hellip;]","og_url":"https:\/\/ninjutsu.com.co\/ArnobySinam\/espana-2-001\/","og_site_name":"Artes Marciales - ARNOBY SINAM","article_publisher":"https:\/\/www.facebook.com\/BujinkanColombia","article_modified_time":"2025-10-13T21:56:22+00:00","og_image":[{"width":1200,"height":675,"url":"https:\/\/i0.wp.com\/ninjutsu.com.co\/ArnobySinam\/wp-content\/uploads\/2023\/06\/SEO.jpg?fit=1200%2C675&ssl=1","type":"image\/jpeg"}],"twitter_card":"summary_large_image","twitter_misc":{"Tiempo de lectura":"8 minutos"},"schema":{"@context":"https:\/\/schema.org","@graph":[{"@type":"WebPage","@id":"https:\/\/ninjutsu.com.co\/ArnobySinam\/espana-2-001\/","url":"https:\/\/ninjutsu.com.co\/ArnobySinam\/espana-2-001\/","name":"Espa\u00f1a 2.001 - Artes Marciales - ARNOBY SINAM","isPartOf":{"@id":"https:\/\/ninjutsu.com.co\/ArnobySinam\/#website"},"datePublished":"2023-02-17T20:02:51+00:00","dateModified":"2025-10-13T21:56:22+00:00","breadcrumb":{"@id":"https:\/\/ninjutsu.com.co\/ArnobySinam\/espana-2-001\/#breadcrumb"},"inLanguage":"es","potentialAction":[{"@type":"ReadAction","target":["https:\/\/ninjutsu.com.co\/ArnobySinam\/espana-2-001\/"]}]},{"@type":"BreadcrumbList","@id":"https:\/\/ninjutsu.com.co\/ArnobySinam\/espana-2-001\/#breadcrumb","itemListElement":[{"@type":"ListItem","position":1,"name":"Home","item":"https:\/\/ninjutsu.com.co\/ArnobySinam\/"},{"@type":"ListItem","position":2,"name":"Espa\u00f1a 2.001"}]},{"@type":"WebSite","@id":"https:\/\/ninjutsu.com.co\/ArnobySinam\/#website","url":"https:\/\/ninjutsu.com.co\/ArnobySinam\/","name":"Ninjutsu Colombia - ARNOBY SINAM","description":"Artes Marciales, cultura japonesa y supervivencia - Colombia","publisher":{"@id":"https:\/\/ninjutsu.com.co\/ArnobySinam\/#organization"},"alternateName":"Artes Marciales, Ninjutsu y Kenjutsu","potentialAction":[{"@type":"SearchAction","target":{"@type":"EntryPoint","urlTemplate":"https:\/\/ninjutsu.com.co\/ArnobySinam\/?s={search_term_string}"},"query-input":{"@type":"PropertyValueSpecification","valueRequired":true,"valueName":"search_term_string"}}],"inLanguage":"es"},{"@type":"Organization","@id":"https:\/\/ninjutsu.com.co\/ArnobySinam\/#organization","name":"Ninjutsu Colombia - ARNOBY SINAM","url":"https:\/\/ninjutsu.com.co\/ArnobySinam\/","logo":{"@type":"ImageObject","inLanguage":"es","@id":"https:\/\/ninjutsu.com.co\/ArnobySinam\/#\/schema\/logo\/image\/","url":"https:\/\/i0.wp.com\/ninjutsu.com.co\/ArnobySinam\/wp-content\/uploads\/2023\/02\/Logo2023NINYT.png?fit=1134%2C1134&ssl=1","contentUrl":"https:\/\/i0.wp.com\/ninjutsu.com.co\/ArnobySinam\/wp-content\/uploads\/2023\/02\/Logo2023NINYT.png?fit=1134%2C1134&ssl=1","width":1134,"height":1134,"caption":"Ninjutsu Colombia - ARNOBY SINAM"},"image":{"@id":"https:\/\/ninjutsu.com.co\/ArnobySinam\/#\/schema\/logo\/image\/"},"sameAs":["https:\/\/www.facebook.com\/BujinkanColombia","https:\/\/www.instagram.com\/BujinkanColombia","https:\/\/www.youtube.com\/BujinkanColombia"]}]}},"jetpack_sharing_enabled":true,"_links":{"self":[{"href":"https:\/\/ninjutsu.com.co\/ArnobySinam\/wp-json\/wp\/v2\/pages\/3908","targetHints":{"allow":["GET"]}}],"collection":[{"href":"https:\/\/ninjutsu.com.co\/ArnobySinam\/wp-json\/wp\/v2\/pages"}],"about":[{"href":"https:\/\/ninjutsu.com.co\/ArnobySinam\/wp-json\/wp\/v2\/types\/page"}],"author":[{"embeddable":true,"href":"https:\/\/ninjutsu.com.co\/ArnobySinam\/wp-json\/wp\/v2\/users\/1"}],"replies":[{"embeddable":true,"href":"https:\/\/ninjutsu.com.co\/ArnobySinam\/wp-json\/wp\/v2\/comments?post=3908"}],"version-history":[{"count":19,"href":"https:\/\/ninjutsu.com.co\/ArnobySinam\/wp-json\/wp\/v2\/pages\/3908\/revisions"}],"predecessor-version":[{"id":8869,"href":"https:\/\/ninjutsu.com.co\/ArnobySinam\/wp-json\/wp\/v2\/pages\/3908\/revisions\/8869"}],"wp:attachment":[{"href":"https:\/\/ninjutsu.com.co\/ArnobySinam\/wp-json\/wp\/v2\/media?parent=3908"}],"curies":[{"name":"wp","href":"https:\/\/api.w.org\/{rel}","templated":true}]}}