{"id":4069,"date":"2023-02-18T12:17:35","date_gmt":"2023-02-18T17:17:35","guid":{"rendered":"https:\/\/ninjutsu.com.co\/ArnobySinam\/?page_id=4069"},"modified":"2025-10-13T17:16:44","modified_gmt":"2025-10-13T22:16:44","slug":"colombia-1-987-a-1-992","status":"publish","type":"page","link":"https:\/\/ninjutsu.com.co\/ArnobySinam\/colombia-1-987-a-1-992\/","title":{"rendered":"Colombia 1.987 a 1.992"},"content":{"rendered":"\t\t<div data-elementor-type=\"wp-page\" data-elementor-id=\"4069\" class=\"elementor elementor-4069\">\n\t\t\t\t\t\t<section class=\"elementor-section elementor-top-section elementor-element elementor-element-e346c9f elementor-section-boxed elementor-section-height-default elementor-section-height-default\" data-id=\"e346c9f\" data-element_type=\"section\">\n\t\t\t\t\t\t\t<div class=\"elementor-background-overlay\"><\/div>\n\t\t\t\t\t\t\t<div class=\"elementor-container elementor-column-gap-default\">\n\t\t\t\t\t<div class=\"elementor-column elementor-col-100 elementor-top-column elementor-element elementor-element-f1bbabb\" data-id=\"f1bbabb\" data-element_type=\"column\">\n\t\t\t<div class=\"elementor-widget-wrap elementor-element-populated\">\n\t\t\t\t\t\t<div class=\"elementor-element elementor-element-03d18bc elementor-widget elementor-widget-heading\" data-id=\"03d18bc\" data-element_type=\"widget\" data-widget_type=\"heading.default\">\n\t\t\t\t<div class=\"elementor-widget-container\">\n\t\t\t\t\t<h1 class=\"elementor-heading-title elementor-size-default\">COLOMBIA 1.987\/1.992<\/h1>\t\t\t\t<\/div>\n\t\t\t\t<\/div>\n\t\t\t\t\t<\/div>\n\t\t<\/div>\n\t\t\t\t\t<\/div>\n\t\t<\/section>\n\t\t\t\t<section class=\"elementor-section elementor-top-section elementor-element elementor-element-ee35e22 elementor-section-boxed elementor-section-height-default elementor-section-height-default\" data-id=\"ee35e22\" data-element_type=\"section\">\n\t\t\t\t\t\t<div class=\"elementor-container elementor-column-gap-default\">\n\t\t\t\t\t<div class=\"elementor-column elementor-col-100 elementor-top-column elementor-element elementor-element-d5f533b\" data-id=\"d5f533b\" data-element_type=\"column\">\n\t\t\t<div class=\"elementor-widget-wrap elementor-element-populated\">\n\t\t\t\t\t\t<div class=\"elementor-element elementor-element-6123825 elementor-widget elementor-widget-heading\" data-id=\"6123825\" data-element_type=\"widget\" data-widget_type=\"heading.default\">\n\t\t\t\t<div class=\"elementor-widget-container\">\n\t\t\t\t\t<h2 class=\"elementor-heading-title elementor-size-default\">Los inicios<\/h2>\t\t\t\t<\/div>\n\t\t\t\t<\/div>\n\t\t\t\t<div class=\"elementor-element elementor-element-b296803 elementor-widget elementor-widget-text-editor\" data-id=\"b296803\" data-element_type=\"widget\" data-widget_type=\"text-editor.default\">\n\t\t\t\t<div class=\"elementor-widget-container\">\n\t\t\t\t\t\t\t\t\t<p style=\"margin: 0cm; margin-bottom: .0001pt;\">Inici\u00e9 en deportes de combate con boxeo y Karate D\u00f4 a los 11 a\u00f1os de edad mientras estudiaba en San Gil, a donde nos hab\u00edamos ido a vivir a mis 5 a\u00f1os de edad. All\u00ed participaba en combates de barrio y en el colegio, pero no bajo la tutela de un maestro. Al llegar de nuevo a Bucaramanga conoc\u00ed al que considero mi primer maestro de Artes Marciales, Walter Jaramillo, m\u00e9dico de profesi\u00f3n y quien hab\u00eda venido a mi ciudad para tratar una enfermedad de mi abuela, ya que \u00e9l era muy amigo de mi familia, directamente de mi t\u00eda Nelly quien vive en la ciudad de Cali hace muchos a\u00f1os.<\/p>\n<p style=\"margin: 0cm; margin-bottom: .0001pt;\">Cuando el maestro se fue, inici\u00e9 clases con el maestro Alfredo Hern\u00e1ndez, con quien entren\u00e9 durante 6 meses, para luego iniciar con el maestro Jos\u00e9 Antonio Sep\u00falveda (Tony Jas) en enero de 1.988 y con quien estuve hasta el d\u00eda de su muerte en marzo de 1.992.<\/p>\n<p style=\"margin: 0cm; margin-bottom: .0001pt;\">Estando en la escuela del maestro Tony, tuve la oportunidad de hacer seminarios de full contact con el maestro Jos\u00e9 Fitzalan Silva de Bogot\u00e1, y tambi\u00e9n la oportunidad de entrenar Karate D\u00f4 con el maestro Yoshitaro Maoki Nishisaka.<\/p>\n<p style=\"margin: 0cm; margin-bottom: .0001pt;\">Particip\u00e9 en exhibiciones, en campeonatos representando la escuela y tambi\u00e9n en intercolegiados representando al Colegio Militar General Santander, donde estudi\u00e9 mis \u00faltimos 3 a\u00f1os de bachillerato. Inici\u00e9 como monitor en 1.999 con un grupo en Gir\u00f3n, y tambi\u00e9n tuve la oportunidad de ser el encargado de una escuela fundada en el municipio de Rionegro, Santander, en 1.992.<\/p>\n<p style=\"margin: 0cm; margin-bottom: .0001pt;\">Present\u00e9 mi examen de cintur\u00f3n negro finalizando 1.992 al maestro Carlos Eduardo Rico, y estuvo como asistente el maestro Carlos C\u00f3rdoba Mu\u00f1oz QEPD.<\/p>\n<div>&nbsp;<\/div>\n<p style=\"margin: 0cm; margin-bottom: .0001pt;\">\n<\/p><p style=\"margin: 0cm; margin-bottom: .0001pt;\">La Escuela del maestro Tony Jas estaba ubicada en la carrera 30 # 33-76 del Barrio Mejoras P\u00fabicas en Bucaramanga.<\/p>\t\t\t\t\t\t\t\t<\/div>\n\t\t\t\t<\/div>\n\t\t\t\t<div class=\"elementor-element elementor-element-383fcb4 elementor-widget elementor-widget-wp-widget-ngg-images\" data-id=\"383fcb4\" data-element_type=\"widget\" data-widget_type=\"wp-widget-ngg-images.default\">\n\t\t\t\t<div class=\"elementor-widget-container\">\n\t\t\t\t\t[Not a valid template]\t\t\t\t<\/div>\n\t\t\t\t<\/div>\n\t\t\t\t<div class=\"elementor-element elementor-element-22b957a elementor-widget elementor-widget-google_maps\" data-id=\"22b957a\" data-element_type=\"widget\" data-widget_type=\"google_maps.default\">\n\t\t\t\t<div class=\"elementor-widget-container\">\n\t\t\t\t\t\t\t<div class=\"elementor-custom-embed\">\n\t\t\t<iframe loading=\"lazy\"\n\t\t\t\t\tsrc=\"https:\/\/maps.google.com\/maps?q=Carrera%2030%20%23%2033-76%2C%20Mejoras%20p%C3%BAbicas&#038;t=m&#038;z=17&#038;output=embed&#038;iwloc=near\"\n\t\t\t\t\ttitle=\"Carrera 30 # 33-76, Mejoras p\u00fabicas\"\n\t\t\t\t\taria-label=\"Carrera 30 # 33-76, Mejoras p\u00fabicas\"\n\t\t\t><\/iframe>\n\t\t<\/div>\n\t\t\t\t\t\t<\/div>\n\t\t\t\t<\/div>\n\t\t\t\t\t<\/div>\n\t\t<\/div>\n\t\t\t\t\t<\/div>\n\t\t<\/section>\n\t\t\t\t<\/div>\n\t\t","protected":false},"excerpt":{"rendered":"<p>COLOMBIA 1.987\/1.992 Los inicios Inici\u00e9 en deportes de combate con boxeo y Karate D\u00f4 a los 11 a\u00f1os de edad mientras estudiaba en San Gil, a donde nos hab\u00edamos ido a vivir a mis 5 a\u00f1os de edad. All\u00ed participaba en combates de barrio y en el colegio, pero no bajo la tutela de un [&hellip;]<\/p>\n","protected":false},"author":1,"featured_media":0,"parent":0,"menu_order":0,"comment_status":"closed","ping_status":"closed","template":"","meta":{"site-sidebar-layout":"no-sidebar","site-content-layout":"page-builder","ast-site-content-layout":"default","site-content-style":"default","site-sidebar-style":"default","ast-global-header-display":"","ast-banner-title-visibility":"","ast-main-header-display":"","ast-hfb-above-header-display":"","ast-hfb-below-header-display":"","ast-hfb-mobile-header-display":"","site-post-title":"disabled","ast-breadcrumbs-content":"","ast-featured-img":"disabled","footer-sml-layout":"","theme-transparent-header-meta":"default","adv-header-id-meta":"","stick-header-meta":"default","header-above-stick-meta":"","header-main-stick-meta":"","header-below-stick-meta":"","astra-migrate-meta-layouts":"default","ast-page-background-enabled":"default","ast-page-background-meta":{"desktop":{"background-color":"","background-image":"","background-repeat":"repeat","background-position":"center center","background-size":"auto","background-attachment":"scroll","background-type":"","background-media":"","overlay-type":"","overlay-color":"","overlay-opacity":"","overlay-gradient":""},"tablet":{"background-color":"","background-image":"","background-repeat":"repeat","background-position":"center center","background-size":"auto","background-attachment":"scroll","background-type":"","background-media":"","overlay-type":"","overlay-color":"","overlay-opacity":"","overlay-gradient":""},"mobile":{"background-color":"","background-image":"","background-repeat":"repeat","background-position":"center center","background-size":"auto","background-attachment":"scroll","background-type":"","background-media":"","overlay-type":"","overlay-color":"","overlay-opacity":"","overlay-gradient":""}},"ast-content-background-meta":{"desktop":{"background-color":"var(--ast-global-color-5)","background-image":"","background-repeat":"repeat","background-position":"center center","background-size":"auto","background-attachment":"scroll","background-type":"","background-media":"","overlay-type":"","overlay-color":"","overlay-opacity":"","overlay-gradient":""},"tablet":{"background-color":"var(--ast-global-color-5)","background-image":"","background-repeat":"repeat","background-position":"center center","background-size":"auto","background-attachment":"scroll","background-type":"","background-media":"","overlay-type":"","overlay-color":"","overlay-opacity":"","overlay-gradient":""},"mobile":{"background-color":"var(--ast-global-color-5)","background-image":"","background-repeat":"repeat","background-position":"center center","background-size":"auto","background-attachment":"scroll","background-type":"","background-media":"","overlay-type":"","overlay-color":"","overlay-opacity":"","overlay-gradient":""}},"ngg_post_thumbnail":0,"footnotes":""},"class_list":["post-4069","page","type-page","status-publish","hentry"],"yoast_head":"<!-- This site is optimized with the Yoast SEO Premium plugin v20.1 (Yoast SEO v26.5) - https:\/\/yoast.com\/wordpress\/plugins\/seo\/ -->\n<title>Colombia 1.987 a 1.992 - Artes Marciales - ARNOBY SINAM<\/title>\n<meta name=\"robots\" content=\"index, follow, max-snippet:-1, max-image-preview:large, max-video-preview:-1\" \/>\n<link rel=\"canonical\" href=\"https:\/\/ninjutsu.com.co\/ArnobySinam\/colombia-1-987-a-1-992\/\" \/>\n<meta property=\"og:locale\" content=\"es_ES\" \/>\n<meta property=\"og:type\" content=\"article\" \/>\n<meta property=\"og:title\" content=\"Colombia 1.987 a 1.992\" \/>\n<meta property=\"og:description\" content=\"COLOMBIA 1.987\/1.992 Los inicios Inici\u00e9 en deportes de combate con boxeo y Karate D\u00f4 a los 11 a\u00f1os de edad mientras estudiaba en San Gil, a donde nos hab\u00edamos ido a vivir a mis 5 a\u00f1os de edad. All\u00ed participaba en combates de barrio y en el colegio, pero no bajo la tutela de un [&hellip;]\" \/>\n<meta property=\"og:url\" content=\"https:\/\/ninjutsu.com.co\/ArnobySinam\/colombia-1-987-a-1-992\/\" \/>\n<meta property=\"og:site_name\" content=\"Artes Marciales - ARNOBY SINAM\" \/>\n<meta property=\"article:publisher\" content=\"https:\/\/www.facebook.com\/BujinkanColombia\" \/>\n<meta property=\"article:modified_time\" content=\"2025-10-13T22:16:44+00:00\" \/>\n<meta property=\"og:image\" content=\"https:\/\/i0.wp.com\/ninjutsu.com.co\/ArnobySinam\/wp-content\/uploads\/2023\/06\/SEO.jpg?fit=1200%2C675&ssl=1\" \/>\n\t<meta property=\"og:image:width\" content=\"1200\" \/>\n\t<meta property=\"og:image:height\" content=\"675\" \/>\n\t<meta property=\"og:image:type\" content=\"image\/jpeg\" \/>\n<meta name=\"twitter:card\" content=\"summary_large_image\" \/>\n<meta name=\"twitter:label1\" content=\"Tiempo de lectura\" \/>\n\t<meta name=\"twitter:data1\" content=\"12 minutos\" \/>\n<script type=\"application\/ld+json\" class=\"yoast-schema-graph\">{\"@context\":\"https:\/\/schema.org\",\"@graph\":[{\"@type\":\"WebPage\",\"@id\":\"https:\/\/ninjutsu.com.co\/ArnobySinam\/colombia-1-987-a-1-992\/\",\"url\":\"https:\/\/ninjutsu.com.co\/ArnobySinam\/colombia-1-987-a-1-992\/\",\"name\":\"Colombia 1.987 a 1.992 - Artes Marciales - ARNOBY SINAM\",\"isPartOf\":{\"@id\":\"https:\/\/ninjutsu.com.co\/ArnobySinam\/#website\"},\"datePublished\":\"2023-02-18T17:17:35+00:00\",\"dateModified\":\"2025-10-13T22:16:44+00:00\",\"breadcrumb\":{\"@id\":\"https:\/\/ninjutsu.com.co\/ArnobySinam\/colombia-1-987-a-1-992\/#breadcrumb\"},\"inLanguage\":\"es\",\"potentialAction\":[{\"@type\":\"ReadAction\",\"target\":[\"https:\/\/ninjutsu.com.co\/ArnobySinam\/colombia-1-987-a-1-992\/\"]}]},{\"@type\":\"BreadcrumbList\",\"@id\":\"https:\/\/ninjutsu.com.co\/ArnobySinam\/colombia-1-987-a-1-992\/#breadcrumb\",\"itemListElement\":[{\"@type\":\"ListItem\",\"position\":1,\"name\":\"Home\",\"item\":\"https:\/\/ninjutsu.com.co\/ArnobySinam\/\"},{\"@type\":\"ListItem\",\"position\":2,\"name\":\"Colombia 1.987 a 1.992\"}]},{\"@type\":\"WebSite\",\"@id\":\"https:\/\/ninjutsu.com.co\/ArnobySinam\/#website\",\"url\":\"https:\/\/ninjutsu.com.co\/ArnobySinam\/\",\"name\":\"Ninjutsu Colombia - ARNOBY SINAM\",\"description\":\"Artes Marciales, cultura japonesa y supervivencia - Colombia\",\"publisher\":{\"@id\":\"https:\/\/ninjutsu.com.co\/ArnobySinam\/#organization\"},\"alternateName\":\"Artes Marciales, Ninjutsu y Kenjutsu\",\"potentialAction\":[{\"@type\":\"SearchAction\",\"target\":{\"@type\":\"EntryPoint\",\"urlTemplate\":\"https:\/\/ninjutsu.com.co\/ArnobySinam\/?s={search_term_string}\"},\"query-input\":{\"@type\":\"PropertyValueSpecification\",\"valueRequired\":true,\"valueName\":\"search_term_string\"}}],\"inLanguage\":\"es\"},{\"@type\":\"Organization\",\"@id\":\"https:\/\/ninjutsu.com.co\/ArnobySinam\/#organization\",\"name\":\"Ninjutsu Colombia - ARNOBY SINAM\",\"url\":\"https:\/\/ninjutsu.com.co\/ArnobySinam\/\",\"logo\":{\"@type\":\"ImageObject\",\"inLanguage\":\"es\",\"@id\":\"https:\/\/ninjutsu.com.co\/ArnobySinam\/#\/schema\/logo\/image\/\",\"url\":\"https:\/\/i0.wp.com\/ninjutsu.com.co\/ArnobySinam\/wp-content\/uploads\/2023\/02\/Logo2023NINYT.png?fit=1134%2C1134&ssl=1\",\"contentUrl\":\"https:\/\/i0.wp.com\/ninjutsu.com.co\/ArnobySinam\/wp-content\/uploads\/2023\/02\/Logo2023NINYT.png?fit=1134%2C1134&ssl=1\",\"width\":1134,\"height\":1134,\"caption\":\"Ninjutsu Colombia - ARNOBY SINAM\"},\"image\":{\"@id\":\"https:\/\/ninjutsu.com.co\/ArnobySinam\/#\/schema\/logo\/image\/\"},\"sameAs\":[\"https:\/\/www.facebook.com\/BujinkanColombia\",\"https:\/\/www.instagram.com\/BujinkanColombia\",\"https:\/\/www.youtube.com\/BujinkanColombia\"]}]}<\/script>\n<!-- \/ Yoast SEO Premium plugin. -->","yoast_head_json":{"title":"Colombia 1.987 a 1.992 - Artes Marciales - ARNOBY SINAM","robots":{"index":"index","follow":"follow","max-snippet":"max-snippet:-1","max-image-preview":"max-image-preview:large","max-video-preview":"max-video-preview:-1"},"canonical":"https:\/\/ninjutsu.com.co\/ArnobySinam\/colombia-1-987-a-1-992\/","og_locale":"es_ES","og_type":"article","og_title":"Colombia 1.987 a 1.992","og_description":"COLOMBIA 1.987\/1.992 Los inicios Inici\u00e9 en deportes de combate con boxeo y Karate D\u00f4 a los 11 a\u00f1os de edad mientras estudiaba en San Gil, a donde nos hab\u00edamos ido a vivir a mis 5 a\u00f1os de edad. All\u00ed participaba en combates de barrio y en el colegio, pero no bajo la tutela de un [&hellip;]","og_url":"https:\/\/ninjutsu.com.co\/ArnobySinam\/colombia-1-987-a-1-992\/","og_site_name":"Artes Marciales - ARNOBY SINAM","article_publisher":"https:\/\/www.facebook.com\/BujinkanColombia","article_modified_time":"2025-10-13T22:16:44+00:00","og_image":[{"width":1200,"height":675,"url":"https:\/\/i0.wp.com\/ninjutsu.com.co\/ArnobySinam\/wp-content\/uploads\/2023\/06\/SEO.jpg?fit=1200%2C675&ssl=1","type":"image\/jpeg"}],"twitter_card":"summary_large_image","twitter_misc":{"Tiempo de lectura":"12 minutos"},"schema":{"@context":"https:\/\/schema.org","@graph":[{"@type":"WebPage","@id":"https:\/\/ninjutsu.com.co\/ArnobySinam\/colombia-1-987-a-1-992\/","url":"https:\/\/ninjutsu.com.co\/ArnobySinam\/colombia-1-987-a-1-992\/","name":"Colombia 1.987 a 1.992 - Artes Marciales - ARNOBY SINAM","isPartOf":{"@id":"https:\/\/ninjutsu.com.co\/ArnobySinam\/#website"},"datePublished":"2023-02-18T17:17:35+00:00","dateModified":"2025-10-13T22:16:44+00:00","breadcrumb":{"@id":"https:\/\/ninjutsu.com.co\/ArnobySinam\/colombia-1-987-a-1-992\/#breadcrumb"},"inLanguage":"es","potentialAction":[{"@type":"ReadAction","target":["https:\/\/ninjutsu.com.co\/ArnobySinam\/colombia-1-987-a-1-992\/"]}]},{"@type":"BreadcrumbList","@id":"https:\/\/ninjutsu.com.co\/ArnobySinam\/colombia-1-987-a-1-992\/#breadcrumb","itemListElement":[{"@type":"ListItem","position":1,"name":"Home","item":"https:\/\/ninjutsu.com.co\/ArnobySinam\/"},{"@type":"ListItem","position":2,"name":"Colombia 1.987 a 1.992"}]},{"@type":"WebSite","@id":"https:\/\/ninjutsu.com.co\/ArnobySinam\/#website","url":"https:\/\/ninjutsu.com.co\/ArnobySinam\/","name":"Ninjutsu Colombia - ARNOBY SINAM","description":"Artes Marciales, cultura japonesa y supervivencia - Colombia","publisher":{"@id":"https:\/\/ninjutsu.com.co\/ArnobySinam\/#organization"},"alternateName":"Artes Marciales, Ninjutsu y Kenjutsu","potentialAction":[{"@type":"SearchAction","target":{"@type":"EntryPoint","urlTemplate":"https:\/\/ninjutsu.com.co\/ArnobySinam\/?s={search_term_string}"},"query-input":{"@type":"PropertyValueSpecification","valueRequired":true,"valueName":"search_term_string"}}],"inLanguage":"es"},{"@type":"Organization","@id":"https:\/\/ninjutsu.com.co\/ArnobySinam\/#organization","name":"Ninjutsu Colombia - ARNOBY SINAM","url":"https:\/\/ninjutsu.com.co\/ArnobySinam\/","logo":{"@type":"ImageObject","inLanguage":"es","@id":"https:\/\/ninjutsu.com.co\/ArnobySinam\/#\/schema\/logo\/image\/","url":"https:\/\/i0.wp.com\/ninjutsu.com.co\/ArnobySinam\/wp-content\/uploads\/2023\/02\/Logo2023NINYT.png?fit=1134%2C1134&ssl=1","contentUrl":"https:\/\/i0.wp.com\/ninjutsu.com.co\/ArnobySinam\/wp-content\/uploads\/2023\/02\/Logo2023NINYT.png?fit=1134%2C1134&ssl=1","width":1134,"height":1134,"caption":"Ninjutsu Colombia - ARNOBY SINAM"},"image":{"@id":"https:\/\/ninjutsu.com.co\/ArnobySinam\/#\/schema\/logo\/image\/"},"sameAs":["https:\/\/www.facebook.com\/BujinkanColombia","https:\/\/www.instagram.com\/BujinkanColombia","https:\/\/www.youtube.com\/BujinkanColombia"]}]}},"jetpack_sharing_enabled":true,"_links":{"self":[{"href":"https:\/\/ninjutsu.com.co\/ArnobySinam\/wp-json\/wp\/v2\/pages\/4069","targetHints":{"allow":["GET"]}}],"collection":[{"href":"https:\/\/ninjutsu.com.co\/ArnobySinam\/wp-json\/wp\/v2\/pages"}],"about":[{"href":"https:\/\/ninjutsu.com.co\/ArnobySinam\/wp-json\/wp\/v2\/types\/page"}],"author":[{"embeddable":true,"href":"https:\/\/ninjutsu.com.co\/ArnobySinam\/wp-json\/wp\/v2\/users\/1"}],"replies":[{"embeddable":true,"href":"https:\/\/ninjutsu.com.co\/ArnobySinam\/wp-json\/wp\/v2\/comments?post=4069"}],"version-history":[{"count":34,"href":"https:\/\/ninjutsu.com.co\/ArnobySinam\/wp-json\/wp\/v2\/pages\/4069\/revisions"}],"predecessor-version":[{"id":8938,"href":"https:\/\/ninjutsu.com.co\/ArnobySinam\/wp-json\/wp\/v2\/pages\/4069\/revisions\/8938"}],"wp:attachment":[{"href":"https:\/\/ninjutsu.com.co\/ArnobySinam\/wp-json\/wp\/v2\/media?parent=4069"}],"curies":[{"name":"wp","href":"https:\/\/api.w.org\/{rel}","templated":true}]}}