{"id":4149,"date":"2023-02-19T10:45:21","date_gmt":"2023-02-19T15:45:21","guid":{"rendered":"https:\/\/ninjutsu.com.co\/ArnobySinam\/?page_id=4149"},"modified":"2025-10-13T17:11:01","modified_gmt":"2025-10-13T22:11:01","slug":"colombia-2-001-a-2-002","status":"publish","type":"page","link":"https:\/\/ninjutsu.com.co\/ArnobySinam\/colombia-2-001-a-2-002\/","title":{"rendered":"Colombia 2.001 a 2.002"},"content":{"rendered":"\t\t<div data-elementor-type=\"wp-page\" data-elementor-id=\"4149\" class=\"elementor elementor-4149\">\n\t\t\t\t\t\t<section class=\"elementor-section elementor-top-section elementor-element elementor-element-e346c9f elementor-section-boxed elementor-section-height-default elementor-section-height-default\" data-id=\"e346c9f\" data-element_type=\"section\">\n\t\t\t\t\t\t\t<div class=\"elementor-background-overlay\"><\/div>\n\t\t\t\t\t\t\t<div class=\"elementor-container elementor-column-gap-default\">\n\t\t\t\t\t<div class=\"elementor-column elementor-col-100 elementor-top-column elementor-element elementor-element-f1bbabb\" data-id=\"f1bbabb\" data-element_type=\"column\">\n\t\t\t<div class=\"elementor-widget-wrap elementor-element-populated\">\n\t\t\t\t\t\t<div class=\"elementor-element elementor-element-03d18bc elementor-widget elementor-widget-heading\" data-id=\"03d18bc\" data-element_type=\"widget\" data-widget_type=\"heading.default\">\n\t\t\t\t<div class=\"elementor-widget-container\">\n\t\t\t\t\t<h1 class=\"elementor-heading-title elementor-size-default\">COLOMBIA 2.001\/2.002<\/h1>\t\t\t\t<\/div>\n\t\t\t\t<\/div>\n\t\t\t\t\t<\/div>\n\t\t<\/div>\n\t\t\t\t\t<\/div>\n\t\t<\/section>\n\t\t\t\t<section class=\"elementor-section elementor-top-section elementor-element elementor-element-ee35e22 elementor-section-boxed elementor-section-height-default elementor-section-height-default\" data-id=\"ee35e22\" data-element_type=\"section\">\n\t\t\t\t\t\t<div class=\"elementor-container elementor-column-gap-default\">\n\t\t\t\t\t<div class=\"elementor-column elementor-col-100 elementor-top-column elementor-element elementor-element-d5f533b\" data-id=\"d5f533b\" data-element_type=\"column\">\n\t\t\t<div class=\"elementor-widget-wrap elementor-element-populated\">\n\t\t\t\t\t\t<div class=\"elementor-element elementor-element-6123825 elementor-widget elementor-widget-heading\" data-id=\"6123825\" data-element_type=\"widget\" data-widget_type=\"heading.default\">\n\t\t\t\t<div class=\"elementor-widget-container\">\n\t\t\t\t\t<h2 class=\"elementor-heading-title elementor-size-default\">El crecimiento<\/h2>\t\t\t\t<\/div>\n\t\t\t\t<\/div>\n\t\t\t\t<div class=\"elementor-element elementor-element-b296803 elementor-widget elementor-widget-text-editor\" data-id=\"b296803\" data-element_type=\"widget\" data-widget_type=\"text-editor.default\">\n\t\t\t\t<div class=\"elementor-widget-container\">\n\t\t\t\t\t\t\t\t\t<p style=\"margin: 0cm; margin-bottom: .0001pt;\">Iniciamos el a\u00f1o 2.001 con una nueva sede, pues el grupo estaba creciendo y ya era necesario un nuevo espacio para tener mayor comodidad en los entrenamientos. Arrendamos las bodegas de la Compa\u00f1\u00eda Colombiana de Tabaco en C\u00facuta, algo realmente gigante. Es la academia m\u00e1s grande que hayamos tenido y en una excelente ubicaci\u00f3n. La econom\u00eda de la ciudad se mov\u00eda bien y la gente ten\u00eda capacidad de pago sin problemas.<\/p><p style=\"margin: 0cm; margin-bottom: .0001pt;\">Ese a\u00f1o viaj\u00e9 por 2da vez a entrenar a Espa\u00f1a con el maestro Pedro Fleitas; dirig\u00ed, junto al maestro Liberto Gala de Venezuela, el seminario nacional en la ciudad de Bogot\u00e1, organizado por el maestro Alejandro Estrada Espinosa de Tatsujin D\u00f4j\u00f4.<\/p><p style=\"margin: 0cm; margin-bottom: .0001pt;\">A finales de ese a\u00f1o grad\u00fao a los primeros cinturones negros, a mis alumnos m\u00e1s antiguos de Pamplona, Omar y Pablo.<\/p>\t\t\t\t\t\t\t\t<\/div>\n\t\t\t\t<\/div>\n\t\t\t\t<div class=\"elementor-element elementor-element-6da3a1d elementor-widget elementor-widget-wp-widget-ngg-images\" data-id=\"6da3a1d\" data-element_type=\"widget\" data-widget_type=\"wp-widget-ngg-images.default\">\n\t\t\t\t<div class=\"elementor-widget-container\">\n\t\t\t\t\t[Not a valid template]\t\t\t\t<\/div>\n\t\t\t\t<\/div>\n\t\t\t\t<div class=\"elementor-element elementor-element-903ec49 elementor-widget elementor-widget-text-editor\" data-id=\"903ec49\" data-element_type=\"widget\" data-widget_type=\"text-editor.default\">\n\t\t\t\t<div class=\"elementor-widget-container\">\n\t\t\t\t\t\t\t\t\t<p style=\"margin: 0cm; margin-bottom: .0001pt;\">En el a\u00f1o 2.002 hago mi primer viaje a Jap\u00f3n para entrenar directamente con el maestro Masaaki Hatsumi, director de la Bujinkan D\u00f4j\u00f4 en el mundo. Era cumplir ese sue\u00f1o que siempre quer\u00eda, pero que ve\u00eda casi como imposible&#8230;hasta que me lo propuse y se hizo realidad. Por eso nunca debemos dejar de so\u00f1ar, pero tambi\u00e9n de trabajar por consolidar nuestros deseos.<\/p><p style=\"margin: 0cm; margin-bottom: .0001pt;\">A mi regreso de Jap\u00f3n dirig\u00ed un seminario en Bogot\u00e1, en la academia del maestro de Aikid\u00f4 Luis Fernando Aldana, e invitado por el maestro Alejandro Estrada de Bujinkan Tatsujin D\u00f4j\u00f4.<\/p><p style=\"margin: 0cm; margin-bottom: .0001pt;\">Dirig\u00ed un seminario nacional en la ciudad de C\u00facuta y organic\u00e9 otro en la misma ciudad para que fuera dirigido por el maestro Alejandro Estrada de Bogot\u00e1.<\/p><p style=\"margin: 0cm; margin-bottom: .0001pt;\">Juntos dirigimos el 1er seminario nacional en la ciudad de Medell\u00edn, para abrir las puertas del Ninjutsu en esta ciudad.<\/p><p style=\"margin: 0cm; margin-bottom: .0001pt;\">A finales de ese a\u00f1o grad\u00fao a los 3 primeros cucute\u00f1os como cinturones negros 1er Dan; Jes\u00fas, Jaime y Luis Alfonso.<\/p><p style=\"margin: 0cm; margin-bottom: .0001pt;\">\u00a0<\/p><p style=\"margin: 0cm; margin-bottom: .0001pt;\">\u00a0<\/p><div>La direcci\u00f3n de la Bujinkan en C\u00facuta de la segunda sede era:<\/div><p style=\"margin: 0cm; margin-bottom: .0001pt;\">Avenida 2 # 16-62 del barrio La Playa; detr\u00e1s del Club del Comercio.<\/p>\t\t\t\t\t\t\t\t<\/div>\n\t\t\t\t<\/div>\n\t\t\t\t<div class=\"elementor-element elementor-element-b3466c8 elementor-widget elementor-widget-wp-widget-ngg-images\" data-id=\"b3466c8\" data-element_type=\"widget\" data-widget_type=\"wp-widget-ngg-images.default\">\n\t\t\t\t<div class=\"elementor-widget-container\">\n\t\t\t\t\t[Not a valid template]\t\t\t\t<\/div>\n\t\t\t\t<\/div>\n\t\t\t\t<div class=\"elementor-element elementor-element-22b957a elementor-widget elementor-widget-google_maps\" data-id=\"22b957a\" data-element_type=\"widget\" data-widget_type=\"google_maps.default\">\n\t\t\t\t<div class=\"elementor-widget-container\">\n\t\t\t\t\t\t\t<div class=\"elementor-custom-embed\">\n\t\t\t<iframe loading=\"lazy\"\n\t\t\t\t\tsrc=\"https:\/\/maps.google.com\/maps?q=Avenida%202%20%23%2016-62%2C%20barrio%20blanco%2CC%C3%BAcuta&#038;t=m&#038;z=17&#038;output=embed&#038;iwloc=near\"\n\t\t\t\t\ttitle=\"Avenida 2 # 16-62, barrio blanco,C\u00facuta\"\n\t\t\t\t\taria-label=\"Avenida 2 # 16-62, barrio blanco,C\u00facuta\"\n\t\t\t><\/iframe>\n\t\t<\/div>\n\t\t\t\t\t\t<\/div>\n\t\t\t\t<\/div>\n\t\t\t\t\t<\/div>\n\t\t<\/div>\n\t\t\t\t\t<\/div>\n\t\t<\/section>\n\t\t\t\t<\/div>\n\t\t","protected":false},"excerpt":{"rendered":"<p>COLOMBIA 2.001\/2.002 El crecimiento Iniciamos el a\u00f1o 2.001 con una nueva sede, pues el grupo estaba creciendo y ya era necesario un nuevo espacio para tener mayor comodidad en los entrenamientos. Arrendamos las bodegas de la Compa\u00f1\u00eda Colombiana de Tabaco en C\u00facuta, algo realmente gigante. Es la academia m\u00e1s grande que hayamos tenido y en [&hellip;]<\/p>\n","protected":false},"author":1,"featured_media":0,"parent":0,"menu_order":0,"comment_status":"closed","ping_status":"closed","template":"","meta":{"site-sidebar-layout":"no-sidebar","site-content-layout":"page-builder","ast-site-content-layout":"default","site-content-style":"default","site-sidebar-style":"default","ast-global-header-display":"","ast-banner-title-visibility":"","ast-main-header-display":"","ast-hfb-above-header-display":"","ast-hfb-below-header-display":"","ast-hfb-mobile-header-display":"","site-post-title":"disabled","ast-breadcrumbs-content":"","ast-featured-img":"disabled","footer-sml-layout":"","theme-transparent-header-meta":"default","adv-header-id-meta":"","stick-header-meta":"default","header-above-stick-meta":"","header-main-stick-meta":"","header-below-stick-meta":"","astra-migrate-meta-layouts":"default","ast-page-background-enabled":"default","ast-page-background-meta":{"desktop":{"background-color":"","background-image":"","background-repeat":"repeat","background-position":"center center","background-size":"auto","background-attachment":"scroll","background-type":"","background-media":"","overlay-type":"","overlay-color":"","overlay-opacity":"","overlay-gradient":""},"tablet":{"background-color":"","background-image":"","background-repeat":"repeat","background-position":"center center","background-size":"auto","background-attachment":"scroll","background-type":"","background-media":"","overlay-type":"","overlay-color":"","overlay-opacity":"","overlay-gradient":""},"mobile":{"background-color":"","background-image":"","background-repeat":"repeat","background-position":"center center","background-size":"auto","background-attachment":"scroll","background-type":"","background-media":"","overlay-type":"","overlay-color":"","overlay-opacity":"","overlay-gradient":""}},"ast-content-background-meta":{"desktop":{"background-color":"var(--ast-global-color-5)","background-image":"","background-repeat":"repeat","background-position":"center center","background-size":"auto","background-attachment":"scroll","background-type":"","background-media":"","overlay-type":"","overlay-color":"","overlay-opacity":"","overlay-gradient":""},"tablet":{"background-color":"var(--ast-global-color-5)","background-image":"","background-repeat":"repeat","background-position":"center center","background-size":"auto","background-attachment":"scroll","background-type":"","background-media":"","overlay-type":"","overlay-color":"","overlay-opacity":"","overlay-gradient":""},"mobile":{"background-color":"var(--ast-global-color-5)","background-image":"","background-repeat":"repeat","background-position":"center center","background-size":"auto","background-attachment":"scroll","background-type":"","background-media":"","overlay-type":"","overlay-color":"","overlay-opacity":"","overlay-gradient":""}},"ngg_post_thumbnail":0,"footnotes":""},"class_list":["post-4149","page","type-page","status-publish","hentry"],"yoast_head":"<!-- This site is optimized with the Yoast SEO Premium plugin v20.1 (Yoast SEO v26.5) - https:\/\/yoast.com\/wordpress\/plugins\/seo\/ -->\n<title>Colombia 2.001 a 2.002 - Artes Marciales - ARNOBY SINAM<\/title>\n<meta name=\"robots\" content=\"index, follow, max-snippet:-1, max-image-preview:large, max-video-preview:-1\" \/>\n<link rel=\"canonical\" href=\"https:\/\/ninjutsu.com.co\/ArnobySinam\/colombia-2-001-a-2-002\/\" \/>\n<meta property=\"og:locale\" content=\"es_ES\" \/>\n<meta property=\"og:type\" content=\"article\" \/>\n<meta property=\"og:title\" content=\"Colombia 2.001 a 2.002\" \/>\n<meta property=\"og:description\" content=\"COLOMBIA 2.001\/2.002 El crecimiento Iniciamos el a\u00f1o 2.001 con una nueva sede, pues el grupo estaba creciendo y ya era necesario un nuevo espacio para tener mayor comodidad en los entrenamientos. Arrendamos las bodegas de la Compa\u00f1\u00eda Colombiana de Tabaco en C\u00facuta, algo realmente gigante. Es la academia m\u00e1s grande que hayamos tenido y en [&hellip;]\" \/>\n<meta property=\"og:url\" content=\"https:\/\/ninjutsu.com.co\/ArnobySinam\/colombia-2-001-a-2-002\/\" \/>\n<meta property=\"og:site_name\" content=\"Artes Marciales - ARNOBY SINAM\" \/>\n<meta property=\"article:publisher\" content=\"https:\/\/www.facebook.com\/BujinkanColombia\" \/>\n<meta property=\"article:modified_time\" content=\"2025-10-13T22:11:01+00:00\" \/>\n<meta property=\"og:image\" content=\"https:\/\/i0.wp.com\/ninjutsu.com.co\/ArnobySinam\/wp-content\/uploads\/2023\/06\/SEO.jpg?fit=1200%2C675&ssl=1\" \/>\n\t<meta property=\"og:image:width\" content=\"1200\" \/>\n\t<meta property=\"og:image:height\" content=\"675\" \/>\n\t<meta property=\"og:image:type\" content=\"image\/jpeg\" \/>\n<meta name=\"twitter:card\" content=\"summary_large_image\" \/>\n<meta name=\"twitter:label1\" content=\"Tiempo de lectura\" \/>\n\t<meta name=\"twitter:data1\" content=\"60 minutos\" \/>\n<script type=\"application\/ld+json\" class=\"yoast-schema-graph\">{\"@context\":\"https:\/\/schema.org\",\"@graph\":[{\"@type\":\"WebPage\",\"@id\":\"https:\/\/ninjutsu.com.co\/ArnobySinam\/colombia-2-001-a-2-002\/\",\"url\":\"https:\/\/ninjutsu.com.co\/ArnobySinam\/colombia-2-001-a-2-002\/\",\"name\":\"Colombia 2.001 a 2.002 - Artes Marciales - ARNOBY SINAM\",\"isPartOf\":{\"@id\":\"https:\/\/ninjutsu.com.co\/ArnobySinam\/#website\"},\"datePublished\":\"2023-02-19T15:45:21+00:00\",\"dateModified\":\"2025-10-13T22:11:01+00:00\",\"breadcrumb\":{\"@id\":\"https:\/\/ninjutsu.com.co\/ArnobySinam\/colombia-2-001-a-2-002\/#breadcrumb\"},\"inLanguage\":\"es\",\"potentialAction\":[{\"@type\":\"ReadAction\",\"target\":[\"https:\/\/ninjutsu.com.co\/ArnobySinam\/colombia-2-001-a-2-002\/\"]}]},{\"@type\":\"BreadcrumbList\",\"@id\":\"https:\/\/ninjutsu.com.co\/ArnobySinam\/colombia-2-001-a-2-002\/#breadcrumb\",\"itemListElement\":[{\"@type\":\"ListItem\",\"position\":1,\"name\":\"Home\",\"item\":\"https:\/\/ninjutsu.com.co\/ArnobySinam\/\"},{\"@type\":\"ListItem\",\"position\":2,\"name\":\"Colombia 2.001 a 2.002\"}]},{\"@type\":\"WebSite\",\"@id\":\"https:\/\/ninjutsu.com.co\/ArnobySinam\/#website\",\"url\":\"https:\/\/ninjutsu.com.co\/ArnobySinam\/\",\"name\":\"Ninjutsu Colombia - ARNOBY SINAM\",\"description\":\"Artes Marciales, cultura japonesa y supervivencia - Colombia\",\"publisher\":{\"@id\":\"https:\/\/ninjutsu.com.co\/ArnobySinam\/#organization\"},\"alternateName\":\"Artes Marciales, Ninjutsu y Kenjutsu\",\"potentialAction\":[{\"@type\":\"SearchAction\",\"target\":{\"@type\":\"EntryPoint\",\"urlTemplate\":\"https:\/\/ninjutsu.com.co\/ArnobySinam\/?s={search_term_string}\"},\"query-input\":{\"@type\":\"PropertyValueSpecification\",\"valueRequired\":true,\"valueName\":\"search_term_string\"}}],\"inLanguage\":\"es\"},{\"@type\":\"Organization\",\"@id\":\"https:\/\/ninjutsu.com.co\/ArnobySinam\/#organization\",\"name\":\"Ninjutsu Colombia - ARNOBY SINAM\",\"url\":\"https:\/\/ninjutsu.com.co\/ArnobySinam\/\",\"logo\":{\"@type\":\"ImageObject\",\"inLanguage\":\"es\",\"@id\":\"https:\/\/ninjutsu.com.co\/ArnobySinam\/#\/schema\/logo\/image\/\",\"url\":\"https:\/\/i0.wp.com\/ninjutsu.com.co\/ArnobySinam\/wp-content\/uploads\/2023\/02\/Logo2023NINYT.png?fit=1134%2C1134&ssl=1\",\"contentUrl\":\"https:\/\/i0.wp.com\/ninjutsu.com.co\/ArnobySinam\/wp-content\/uploads\/2023\/02\/Logo2023NINYT.png?fit=1134%2C1134&ssl=1\",\"width\":1134,\"height\":1134,\"caption\":\"Ninjutsu Colombia - ARNOBY SINAM\"},\"image\":{\"@id\":\"https:\/\/ninjutsu.com.co\/ArnobySinam\/#\/schema\/logo\/image\/\"},\"sameAs\":[\"https:\/\/www.facebook.com\/BujinkanColombia\",\"https:\/\/www.instagram.com\/BujinkanColombia\",\"https:\/\/www.youtube.com\/BujinkanColombia\"]}]}<\/script>\n<!-- \/ Yoast SEO Premium plugin. -->","yoast_head_json":{"title":"Colombia 2.001 a 2.002 - Artes Marciales - ARNOBY SINAM","robots":{"index":"index","follow":"follow","max-snippet":"max-snippet:-1","max-image-preview":"max-image-preview:large","max-video-preview":"max-video-preview:-1"},"canonical":"https:\/\/ninjutsu.com.co\/ArnobySinam\/colombia-2-001-a-2-002\/","og_locale":"es_ES","og_type":"article","og_title":"Colombia 2.001 a 2.002","og_description":"COLOMBIA 2.001\/2.002 El crecimiento Iniciamos el a\u00f1o 2.001 con una nueva sede, pues el grupo estaba creciendo y ya era necesario un nuevo espacio para tener mayor comodidad en los entrenamientos. Arrendamos las bodegas de la Compa\u00f1\u00eda Colombiana de Tabaco en C\u00facuta, algo realmente gigante. Es la academia m\u00e1s grande que hayamos tenido y en [&hellip;]","og_url":"https:\/\/ninjutsu.com.co\/ArnobySinam\/colombia-2-001-a-2-002\/","og_site_name":"Artes Marciales - ARNOBY SINAM","article_publisher":"https:\/\/www.facebook.com\/BujinkanColombia","article_modified_time":"2025-10-13T22:11:01+00:00","og_image":[{"width":1200,"height":675,"url":"https:\/\/i0.wp.com\/ninjutsu.com.co\/ArnobySinam\/wp-content\/uploads\/2023\/06\/SEO.jpg?fit=1200%2C675&ssl=1","type":"image\/jpeg"}],"twitter_card":"summary_large_image","twitter_misc":{"Tiempo de lectura":"60 minutos"},"schema":{"@context":"https:\/\/schema.org","@graph":[{"@type":"WebPage","@id":"https:\/\/ninjutsu.com.co\/ArnobySinam\/colombia-2-001-a-2-002\/","url":"https:\/\/ninjutsu.com.co\/ArnobySinam\/colombia-2-001-a-2-002\/","name":"Colombia 2.001 a 2.002 - Artes Marciales - ARNOBY SINAM","isPartOf":{"@id":"https:\/\/ninjutsu.com.co\/ArnobySinam\/#website"},"datePublished":"2023-02-19T15:45:21+00:00","dateModified":"2025-10-13T22:11:01+00:00","breadcrumb":{"@id":"https:\/\/ninjutsu.com.co\/ArnobySinam\/colombia-2-001-a-2-002\/#breadcrumb"},"inLanguage":"es","potentialAction":[{"@type":"ReadAction","target":["https:\/\/ninjutsu.com.co\/ArnobySinam\/colombia-2-001-a-2-002\/"]}]},{"@type":"BreadcrumbList","@id":"https:\/\/ninjutsu.com.co\/ArnobySinam\/colombia-2-001-a-2-002\/#breadcrumb","itemListElement":[{"@type":"ListItem","position":1,"name":"Home","item":"https:\/\/ninjutsu.com.co\/ArnobySinam\/"},{"@type":"ListItem","position":2,"name":"Colombia 2.001 a 2.002"}]},{"@type":"WebSite","@id":"https:\/\/ninjutsu.com.co\/ArnobySinam\/#website","url":"https:\/\/ninjutsu.com.co\/ArnobySinam\/","name":"Ninjutsu Colombia - ARNOBY SINAM","description":"Artes Marciales, cultura japonesa y supervivencia - Colombia","publisher":{"@id":"https:\/\/ninjutsu.com.co\/ArnobySinam\/#organization"},"alternateName":"Artes Marciales, Ninjutsu y Kenjutsu","potentialAction":[{"@type":"SearchAction","target":{"@type":"EntryPoint","urlTemplate":"https:\/\/ninjutsu.com.co\/ArnobySinam\/?s={search_term_string}"},"query-input":{"@type":"PropertyValueSpecification","valueRequired":true,"valueName":"search_term_string"}}],"inLanguage":"es"},{"@type":"Organization","@id":"https:\/\/ninjutsu.com.co\/ArnobySinam\/#organization","name":"Ninjutsu Colombia - ARNOBY SINAM","url":"https:\/\/ninjutsu.com.co\/ArnobySinam\/","logo":{"@type":"ImageObject","inLanguage":"es","@id":"https:\/\/ninjutsu.com.co\/ArnobySinam\/#\/schema\/logo\/image\/","url":"https:\/\/i0.wp.com\/ninjutsu.com.co\/ArnobySinam\/wp-content\/uploads\/2023\/02\/Logo2023NINYT.png?fit=1134%2C1134&ssl=1","contentUrl":"https:\/\/i0.wp.com\/ninjutsu.com.co\/ArnobySinam\/wp-content\/uploads\/2023\/02\/Logo2023NINYT.png?fit=1134%2C1134&ssl=1","width":1134,"height":1134,"caption":"Ninjutsu Colombia - ARNOBY SINAM"},"image":{"@id":"https:\/\/ninjutsu.com.co\/ArnobySinam\/#\/schema\/logo\/image\/"},"sameAs":["https:\/\/www.facebook.com\/BujinkanColombia","https:\/\/www.instagram.com\/BujinkanColombia","https:\/\/www.youtube.com\/BujinkanColombia"]}]}},"jetpack_sharing_enabled":true,"_links":{"self":[{"href":"https:\/\/ninjutsu.com.co\/ArnobySinam\/wp-json\/wp\/v2\/pages\/4149","targetHints":{"allow":["GET"]}}],"collection":[{"href":"https:\/\/ninjutsu.com.co\/ArnobySinam\/wp-json\/wp\/v2\/pages"}],"about":[{"href":"https:\/\/ninjutsu.com.co\/ArnobySinam\/wp-json\/wp\/v2\/types\/page"}],"author":[{"embeddable":true,"href":"https:\/\/ninjutsu.com.co\/ArnobySinam\/wp-json\/wp\/v2\/users\/1"}],"replies":[{"embeddable":true,"href":"https:\/\/ninjutsu.com.co\/ArnobySinam\/wp-json\/wp\/v2\/comments?post=4149"}],"version-history":[{"count":44,"href":"https:\/\/ninjutsu.com.co\/ArnobySinam\/wp-json\/wp\/v2\/pages\/4149\/revisions"}],"predecessor-version":[{"id":8920,"href":"https:\/\/ninjutsu.com.co\/ArnobySinam\/wp-json\/wp\/v2\/pages\/4149\/revisions\/8920"}],"wp:attachment":[{"href":"https:\/\/ninjutsu.com.co\/ArnobySinam\/wp-json\/wp\/v2\/media?parent=4149"}],"curies":[{"name":"wp","href":"https:\/\/api.w.org\/{rel}","templated":true}]}}