{"id":5634,"date":"2023-05-05T19:55:34","date_gmt":"2023-05-06T00:55:34","guid":{"rendered":"https:\/\/ninjutsu.com.co\/ArnobySinam\/?page_id=5634"},"modified":"2025-10-13T17:32:14","modified_gmt":"2025-10-13T22:32:14","slug":"japon-2-004","status":"publish","type":"page","link":"https:\/\/ninjutsu.com.co\/ArnobySinam\/japon-2-004\/","title":{"rendered":"Jap\u00f3n 2.004"},"content":{"rendered":"\t\t<div data-elementor-type=\"wp-page\" data-elementor-id=\"5634\" class=\"elementor elementor-5634\">\n\t\t\t\t\t\t<section class=\"elementor-section elementor-top-section elementor-element elementor-element-e346c9f elementor-section-boxed elementor-section-height-default elementor-section-height-default\" data-id=\"e346c9f\" data-element_type=\"section\">\n\t\t\t\t\t\t\t<div class=\"elementor-background-overlay\"><\/div>\n\t\t\t\t\t\t\t<div class=\"elementor-container elementor-column-gap-default\">\n\t\t\t\t\t<div class=\"elementor-column elementor-col-100 elementor-top-column elementor-element elementor-element-f1bbabb\" data-id=\"f1bbabb\" data-element_type=\"column\">\n\t\t\t<div class=\"elementor-widget-wrap elementor-element-populated\">\n\t\t\t\t\t\t<div class=\"elementor-element elementor-element-03d18bc elementor-widget elementor-widget-heading\" data-id=\"03d18bc\" data-element_type=\"widget\" data-widget_type=\"heading.default\">\n\t\t\t\t<div class=\"elementor-widget-container\">\n\t\t\t\t\t<h1 class=\"elementor-heading-title elementor-size-default\">JAP\u00d3N 2.004<\/h1>\t\t\t\t<\/div>\n\t\t\t\t<\/div>\n\t\t\t\t\t<\/div>\n\t\t<\/div>\n\t\t\t\t\t<\/div>\n\t\t<\/section>\n\t\t\t\t<section class=\"elementor-section elementor-top-section elementor-element elementor-element-ee35e22 elementor-section-boxed elementor-section-height-default elementor-section-height-default\" data-id=\"ee35e22\" data-element_type=\"section\">\n\t\t\t\t\t\t<div class=\"elementor-container elementor-column-gap-default\">\n\t\t\t\t\t<div class=\"elementor-column elementor-col-100 elementor-top-column elementor-element elementor-element-d5f533b\" data-id=\"d5f533b\" data-element_type=\"column\">\n\t\t\t<div class=\"elementor-widget-wrap elementor-element-populated\">\n\t\t\t\t\t\t<div class=\"elementor-element elementor-element-6123825 elementor-widget elementor-widget-heading\" data-id=\"6123825\" data-element_type=\"widget\" data-widget_type=\"heading.default\">\n\t\t\t\t<div class=\"elementor-widget-container\">\n\t\t\t\t\t<h2 class=\"elementor-heading-title elementor-size-default\">Viaje de estudio a Jap\u00f3n - 3er viaje<\/h2>\t\t\t\t<\/div>\n\t\t\t\t<\/div>\n\t\t\t\t<div class=\"elementor-element elementor-element-b296803 elementor-widget elementor-widget-text-editor\" data-id=\"b296803\" data-element_type=\"widget\" data-widget_type=\"text-editor.default\">\n\t\t\t\t<div class=\"elementor-widget-container\">\n\t\t\t\t\t\t\t\t\t<p>Este es el recuerdo de mi tercer viaje realizado a Jap\u00f3n. Este a\u00f1o mi recorrido inici\u00f3 desde la ciudad de Valledupar hacia Bogot\u00e1, luego tomando rumbo a Caracas, Amsterdam y finalizando el viaje en el aeropuerto Narita en T\u00f4ky\u00f4. Esta vez me acompa\u00f1a en su primer viaje, el instructor Alejandro Estrada de la ciudad de Bogot\u00e1, a\u00f1o en que present\u00f3 su prueba Sakki Jutsu (Es el 3er Shid\u00f4shi Colombiano).<br \/>Este a\u00f1o fue interesante, ya que participamos en el 1er Tai Kai (\u00fanico) realizado en el Bud\u00f4kan de Ayase en T\u00f4ky\u00f4, conmemorando la muerte del maestro Toshitsugu Takamatsu. M\u00e1s de 300 extranjeros reunidos recibiendo las ense\u00f1anzas del S\u00f4ke Masaaki Hatsumi, todos hablando en un solo idioma&#8230;..el idioma de la Bujinkan. Aparte del Tai kai, participamos en las clases de los Shihan Japoneses con el fin de tomar puntos de vista diferentes de cada uno de ellos. Es claro que siempre uno tiene m\u00e1s afinidad con unos instructores que con otros.<br \/>Se visit\u00f3 el templo de Atago, el cual queda muy cerca al D\u00f4j\u00f4; de nuevo visit\u00e9 el templo Sakuragi Jinja, que para m\u00ed es de los sitios m\u00e1s hermosos en cercan\u00edas del D\u00f4j\u00f4 y dentro de la misma ciudad de Noda. Aparte conoc\u00ed el templo de Koshigaya y todos sus sitios cercanos al hospedaje.<br \/>El tema de estudio en este a\u00f1o fue ROPP\u00d4 KUJI NO BIKEN. El d\u00eda 2 de abril del 2004 se cumpli\u00f3 el 33 aniversario del fallecimiento del gran maestro Takamatsu Toshitsugu. Recordando que el S\u00f4ke Masaaki Hatsumi recibi\u00f3 la maestr\u00eda de las 9 escuelas (3&#215;3) en el a\u00f1o 33 de Showa, de Takamatsu Toshitsugu, 33 S\u00f4ke de Togakure Ry\u00fb, se cumple una fecha muy importante en este aniversario. El Dr. Masaaki Hatsumi S\u00f4ke, ha fomentado la construcci\u00f3n de un gran Monumento al Dios Guerrero, en honor a las proezas de su maestro Takamatsu Sensei.<\/p><p>El D\u00f4j\u00f4 estaba ubicado en la 636 Nodashi, Japan.<\/p>\t\t\t\t\t\t\t\t<\/div>\n\t\t\t\t<\/div>\n\t\t\t\t<div class=\"elementor-element elementor-element-c51dbb9 elementor-widget elementor-widget-wp-widget-ngg-images\" data-id=\"c51dbb9\" data-element_type=\"widget\" data-widget_type=\"wp-widget-ngg-images.default\">\n\t\t\t\t<div class=\"elementor-widget-container\">\n\t\t\t\t\t[Not a valid template]\t\t\t\t<\/div>\n\t\t\t\t<\/div>\n\t\t\t\t<div class=\"elementor-element elementor-element-22b957a elementor-widget elementor-widget-google_maps\" data-id=\"22b957a\" data-element_type=\"widget\" data-widget_type=\"google_maps.default\">\n\t\t\t\t<div class=\"elementor-widget-container\">\n\t\t\t\t\t\t\t<div class=\"elementor-custom-embed\">\n\t\t\t<iframe loading=\"lazy\"\n\t\t\t\t\tsrc=\"https:\/\/maps.google.com\/maps?q=636%20Noda%2C%20Noda-shi%2C%20Chiba-ken&#038;t=m&#038;z=17&#038;output=embed&#038;iwloc=near\"\n\t\t\t\t\ttitle=\"636 Noda, Noda-shi, Chiba-ken\"\n\t\t\t\t\taria-label=\"636 Noda, Noda-shi, Chiba-ken\"\n\t\t\t><\/iframe>\n\t\t<\/div>\n\t\t\t\t\t\t<\/div>\n\t\t\t\t<\/div>\n\t\t\t\t\t<\/div>\n\t\t<\/div>\n\t\t\t\t\t<\/div>\n\t\t<\/section>\n\t\t\t\t<\/div>\n\t\t","protected":false},"excerpt":{"rendered":"<p>JAP\u00d3N 2.004 Viaje de estudio a Jap\u00f3n &#8211; 3er viaje Este es el recuerdo de mi tercer viaje realizado a Jap\u00f3n. Este a\u00f1o mi recorrido inici\u00f3 desde la ciudad de Valledupar hacia Bogot\u00e1, luego tomando rumbo a Caracas, Amsterdam y finalizando el viaje en el aeropuerto Narita en T\u00f4ky\u00f4. Esta vez me acompa\u00f1a en su [&hellip;]<\/p>\n","protected":false},"author":1,"featured_media":0,"parent":0,"menu_order":0,"comment_status":"closed","ping_status":"closed","template":"","meta":{"site-sidebar-layout":"no-sidebar","site-content-layout":"page-builder","ast-site-content-layout":"default","site-content-style":"default","site-sidebar-style":"default","ast-global-header-display":"","ast-banner-title-visibility":"","ast-main-header-display":"","ast-hfb-above-header-display":"","ast-hfb-below-header-display":"","ast-hfb-mobile-header-display":"","site-post-title":"disabled","ast-breadcrumbs-content":"","ast-featured-img":"disabled","footer-sml-layout":"","theme-transparent-header-meta":"default","adv-header-id-meta":"","stick-header-meta":"default","header-above-stick-meta":"","header-main-stick-meta":"","header-below-stick-meta":"","astra-migrate-meta-layouts":"default","ast-page-background-enabled":"default","ast-page-background-meta":{"desktop":{"background-color":"","background-image":"","background-repeat":"repeat","background-position":"center center","background-size":"auto","background-attachment":"scroll","background-type":"","background-media":"","overlay-type":"","overlay-color":"","overlay-opacity":"","overlay-gradient":""},"tablet":{"background-color":"","background-image":"","background-repeat":"repeat","background-position":"center center","background-size":"auto","background-attachment":"scroll","background-type":"","background-media":"","overlay-type":"","overlay-color":"","overlay-opacity":"","overlay-gradient":""},"mobile":{"background-color":"","background-image":"","background-repeat":"repeat","background-position":"center center","background-size":"auto","background-attachment":"scroll","background-type":"","background-media":"","overlay-type":"","overlay-color":"","overlay-opacity":"","overlay-gradient":""}},"ast-content-background-meta":{"desktop":{"background-color":"var(--ast-global-color-5)","background-image":"","background-repeat":"repeat","background-position":"center center","background-size":"auto","background-attachment":"scroll","background-type":"","background-media":"","overlay-type":"","overlay-color":"","overlay-opacity":"","overlay-gradient":""},"tablet":{"background-color":"var(--ast-global-color-5)","background-image":"","background-repeat":"repeat","background-position":"center center","background-size":"auto","background-attachment":"scroll","background-type":"","background-media":"","overlay-type":"","overlay-color":"","overlay-opacity":"","overlay-gradient":""},"mobile":{"background-color":"var(--ast-global-color-5)","background-image":"","background-repeat":"repeat","background-position":"center center","background-size":"auto","background-attachment":"scroll","background-type":"","background-media":"","overlay-type":"","overlay-color":"","overlay-opacity":"","overlay-gradient":""}},"ngg_post_thumbnail":0,"footnotes":""},"class_list":["post-5634","page","type-page","status-publish","hentry"],"yoast_head":"<!-- This site is optimized with the Yoast SEO Premium plugin v20.1 (Yoast SEO v26.5) - https:\/\/yoast.com\/wordpress\/plugins\/seo\/ -->\n<title>Jap\u00f3n 2.004 - Artes Marciales - ARNOBY SINAM<\/title>\n<meta name=\"robots\" content=\"index, follow, max-snippet:-1, max-image-preview:large, max-video-preview:-1\" \/>\n<link rel=\"canonical\" href=\"https:\/\/ninjutsu.com.co\/ArnobySinam\/japon-2-004\/\" \/>\n<meta property=\"og:locale\" content=\"es_ES\" \/>\n<meta property=\"og:type\" content=\"article\" \/>\n<meta property=\"og:title\" content=\"Jap\u00f3n 2.004\" \/>\n<meta property=\"og:description\" content=\"JAP\u00d3N 2.004 Viaje de estudio a Jap\u00f3n &#8211; 3er viaje Este es el recuerdo de mi tercer viaje realizado a Jap\u00f3n. Este a\u00f1o mi recorrido inici\u00f3 desde la ciudad de Valledupar hacia Bogot\u00e1, luego tomando rumbo a Caracas, Amsterdam y finalizando el viaje en el aeropuerto Narita en T\u00f4ky\u00f4. Esta vez me acompa\u00f1a en su [&hellip;]\" \/>\n<meta property=\"og:url\" content=\"https:\/\/ninjutsu.com.co\/ArnobySinam\/japon-2-004\/\" \/>\n<meta property=\"og:site_name\" content=\"Artes Marciales - ARNOBY SINAM\" \/>\n<meta property=\"article:publisher\" content=\"https:\/\/www.facebook.com\/BujinkanColombia\" \/>\n<meta property=\"article:modified_time\" content=\"2025-10-13T22:32:14+00:00\" \/>\n<meta property=\"og:image\" content=\"https:\/\/i0.wp.com\/ninjutsu.com.co\/ArnobySinam\/wp-content\/uploads\/2023\/06\/SEO.jpg?fit=1200%2C675&ssl=1\" \/>\n\t<meta property=\"og:image:width\" content=\"1200\" \/>\n\t<meta property=\"og:image:height\" content=\"675\" \/>\n\t<meta property=\"og:image:type\" content=\"image\/jpeg\" \/>\n<meta name=\"twitter:card\" content=\"summary_large_image\" \/>\n<meta name=\"twitter:label1\" content=\"Tiempo de lectura\" \/>\n\t<meta name=\"twitter:data1\" content=\"45 minutos\" \/>\n<script type=\"application\/ld+json\" class=\"yoast-schema-graph\">{\"@context\":\"https:\/\/schema.org\",\"@graph\":[{\"@type\":\"WebPage\",\"@id\":\"https:\/\/ninjutsu.com.co\/ArnobySinam\/japon-2-004\/\",\"url\":\"https:\/\/ninjutsu.com.co\/ArnobySinam\/japon-2-004\/\",\"name\":\"Jap\u00f3n 2.004 - Artes Marciales - ARNOBY SINAM\",\"isPartOf\":{\"@id\":\"https:\/\/ninjutsu.com.co\/ArnobySinam\/#website\"},\"datePublished\":\"2023-05-06T00:55:34+00:00\",\"dateModified\":\"2025-10-13T22:32:14+00:00\",\"breadcrumb\":{\"@id\":\"https:\/\/ninjutsu.com.co\/ArnobySinam\/japon-2-004\/#breadcrumb\"},\"inLanguage\":\"es\",\"potentialAction\":[{\"@type\":\"ReadAction\",\"target\":[\"https:\/\/ninjutsu.com.co\/ArnobySinam\/japon-2-004\/\"]}]},{\"@type\":\"BreadcrumbList\",\"@id\":\"https:\/\/ninjutsu.com.co\/ArnobySinam\/japon-2-004\/#breadcrumb\",\"itemListElement\":[{\"@type\":\"ListItem\",\"position\":1,\"name\":\"Home\",\"item\":\"https:\/\/ninjutsu.com.co\/ArnobySinam\/\"},{\"@type\":\"ListItem\",\"position\":2,\"name\":\"Jap\u00f3n 2.004\"}]},{\"@type\":\"WebSite\",\"@id\":\"https:\/\/ninjutsu.com.co\/ArnobySinam\/#website\",\"url\":\"https:\/\/ninjutsu.com.co\/ArnobySinam\/\",\"name\":\"Ninjutsu Colombia - ARNOBY SINAM\",\"description\":\"Artes Marciales, cultura japonesa y supervivencia - Colombia\",\"publisher\":{\"@id\":\"https:\/\/ninjutsu.com.co\/ArnobySinam\/#organization\"},\"alternateName\":\"Artes Marciales, Ninjutsu y Kenjutsu\",\"potentialAction\":[{\"@type\":\"SearchAction\",\"target\":{\"@type\":\"EntryPoint\",\"urlTemplate\":\"https:\/\/ninjutsu.com.co\/ArnobySinam\/?s={search_term_string}\"},\"query-input\":{\"@type\":\"PropertyValueSpecification\",\"valueRequired\":true,\"valueName\":\"search_term_string\"}}],\"inLanguage\":\"es\"},{\"@type\":\"Organization\",\"@id\":\"https:\/\/ninjutsu.com.co\/ArnobySinam\/#organization\",\"name\":\"Ninjutsu Colombia - ARNOBY SINAM\",\"url\":\"https:\/\/ninjutsu.com.co\/ArnobySinam\/\",\"logo\":{\"@type\":\"ImageObject\",\"inLanguage\":\"es\",\"@id\":\"https:\/\/ninjutsu.com.co\/ArnobySinam\/#\/schema\/logo\/image\/\",\"url\":\"https:\/\/i0.wp.com\/ninjutsu.com.co\/ArnobySinam\/wp-content\/uploads\/2023\/02\/Logo2023NINYT.png?fit=1134%2C1134&ssl=1\",\"contentUrl\":\"https:\/\/i0.wp.com\/ninjutsu.com.co\/ArnobySinam\/wp-content\/uploads\/2023\/02\/Logo2023NINYT.png?fit=1134%2C1134&ssl=1\",\"width\":1134,\"height\":1134,\"caption\":\"Ninjutsu Colombia - ARNOBY SINAM\"},\"image\":{\"@id\":\"https:\/\/ninjutsu.com.co\/ArnobySinam\/#\/schema\/logo\/image\/\"},\"sameAs\":[\"https:\/\/www.facebook.com\/BujinkanColombia\",\"https:\/\/www.instagram.com\/BujinkanColombia\",\"https:\/\/www.youtube.com\/BujinkanColombia\"]}]}<\/script>\n<!-- \/ Yoast SEO Premium plugin. -->","yoast_head_json":{"title":"Jap\u00f3n 2.004 - Artes Marciales - ARNOBY SINAM","robots":{"index":"index","follow":"follow","max-snippet":"max-snippet:-1","max-image-preview":"max-image-preview:large","max-video-preview":"max-video-preview:-1"},"canonical":"https:\/\/ninjutsu.com.co\/ArnobySinam\/japon-2-004\/","og_locale":"es_ES","og_type":"article","og_title":"Jap\u00f3n 2.004","og_description":"JAP\u00d3N 2.004 Viaje de estudio a Jap\u00f3n &#8211; 3er viaje Este es el recuerdo de mi tercer viaje realizado a Jap\u00f3n. Este a\u00f1o mi recorrido inici\u00f3 desde la ciudad de Valledupar hacia Bogot\u00e1, luego tomando rumbo a Caracas, Amsterdam y finalizando el viaje en el aeropuerto Narita en T\u00f4ky\u00f4. Esta vez me acompa\u00f1a en su [&hellip;]","og_url":"https:\/\/ninjutsu.com.co\/ArnobySinam\/japon-2-004\/","og_site_name":"Artes Marciales - ARNOBY SINAM","article_publisher":"https:\/\/www.facebook.com\/BujinkanColombia","article_modified_time":"2025-10-13T22:32:14+00:00","og_image":[{"width":1200,"height":675,"url":"https:\/\/i0.wp.com\/ninjutsu.com.co\/ArnobySinam\/wp-content\/uploads\/2023\/06\/SEO.jpg?fit=1200%2C675&ssl=1","type":"image\/jpeg"}],"twitter_card":"summary_large_image","twitter_misc":{"Tiempo de lectura":"45 minutos"},"schema":{"@context":"https:\/\/schema.org","@graph":[{"@type":"WebPage","@id":"https:\/\/ninjutsu.com.co\/ArnobySinam\/japon-2-004\/","url":"https:\/\/ninjutsu.com.co\/ArnobySinam\/japon-2-004\/","name":"Jap\u00f3n 2.004 - Artes Marciales - ARNOBY SINAM","isPartOf":{"@id":"https:\/\/ninjutsu.com.co\/ArnobySinam\/#website"},"datePublished":"2023-05-06T00:55:34+00:00","dateModified":"2025-10-13T22:32:14+00:00","breadcrumb":{"@id":"https:\/\/ninjutsu.com.co\/ArnobySinam\/japon-2-004\/#breadcrumb"},"inLanguage":"es","potentialAction":[{"@type":"ReadAction","target":["https:\/\/ninjutsu.com.co\/ArnobySinam\/japon-2-004\/"]}]},{"@type":"BreadcrumbList","@id":"https:\/\/ninjutsu.com.co\/ArnobySinam\/japon-2-004\/#breadcrumb","itemListElement":[{"@type":"ListItem","position":1,"name":"Home","item":"https:\/\/ninjutsu.com.co\/ArnobySinam\/"},{"@type":"ListItem","position":2,"name":"Jap\u00f3n 2.004"}]},{"@type":"WebSite","@id":"https:\/\/ninjutsu.com.co\/ArnobySinam\/#website","url":"https:\/\/ninjutsu.com.co\/ArnobySinam\/","name":"Ninjutsu Colombia - ARNOBY SINAM","description":"Artes Marciales, cultura japonesa y supervivencia - Colombia","publisher":{"@id":"https:\/\/ninjutsu.com.co\/ArnobySinam\/#organization"},"alternateName":"Artes Marciales, Ninjutsu y Kenjutsu","potentialAction":[{"@type":"SearchAction","target":{"@type":"EntryPoint","urlTemplate":"https:\/\/ninjutsu.com.co\/ArnobySinam\/?s={search_term_string}"},"query-input":{"@type":"PropertyValueSpecification","valueRequired":true,"valueName":"search_term_string"}}],"inLanguage":"es"},{"@type":"Organization","@id":"https:\/\/ninjutsu.com.co\/ArnobySinam\/#organization","name":"Ninjutsu Colombia - ARNOBY SINAM","url":"https:\/\/ninjutsu.com.co\/ArnobySinam\/","logo":{"@type":"ImageObject","inLanguage":"es","@id":"https:\/\/ninjutsu.com.co\/ArnobySinam\/#\/schema\/logo\/image\/","url":"https:\/\/i0.wp.com\/ninjutsu.com.co\/ArnobySinam\/wp-content\/uploads\/2023\/02\/Logo2023NINYT.png?fit=1134%2C1134&ssl=1","contentUrl":"https:\/\/i0.wp.com\/ninjutsu.com.co\/ArnobySinam\/wp-content\/uploads\/2023\/02\/Logo2023NINYT.png?fit=1134%2C1134&ssl=1","width":1134,"height":1134,"caption":"Ninjutsu Colombia - ARNOBY SINAM"},"image":{"@id":"https:\/\/ninjutsu.com.co\/ArnobySinam\/#\/schema\/logo\/image\/"},"sameAs":["https:\/\/www.facebook.com\/BujinkanColombia","https:\/\/www.instagram.com\/BujinkanColombia","https:\/\/www.youtube.com\/BujinkanColombia"]}]}},"jetpack_sharing_enabled":true,"_links":{"self":[{"href":"https:\/\/ninjutsu.com.co\/ArnobySinam\/wp-json\/wp\/v2\/pages\/5634","targetHints":{"allow":["GET"]}}],"collection":[{"href":"https:\/\/ninjutsu.com.co\/ArnobySinam\/wp-json\/wp\/v2\/pages"}],"about":[{"href":"https:\/\/ninjutsu.com.co\/ArnobySinam\/wp-json\/wp\/v2\/types\/page"}],"author":[{"embeddable":true,"href":"https:\/\/ninjutsu.com.co\/ArnobySinam\/wp-json\/wp\/v2\/users\/1"}],"replies":[{"embeddable":true,"href":"https:\/\/ninjutsu.com.co\/ArnobySinam\/wp-json\/wp\/v2\/comments?post=5634"}],"version-history":[{"count":26,"href":"https:\/\/ninjutsu.com.co\/ArnobySinam\/wp-json\/wp\/v2\/pages\/5634\/revisions"}],"predecessor-version":[{"id":8970,"href":"https:\/\/ninjutsu.com.co\/ArnobySinam\/wp-json\/wp\/v2\/pages\/5634\/revisions\/8970"}],"wp:attachment":[{"href":"https:\/\/ninjutsu.com.co\/ArnobySinam\/wp-json\/wp\/v2\/media?parent=5634"}],"curies":[{"name":"wp","href":"https:\/\/api.w.org\/{rel}","templated":true}]}}