{"id":4777,"date":"2023-03-01T09:32:37","date_gmt":"2023-03-01T14:32:37","guid":{"rendered":"https:\/\/ninjutsu.com.co\/ArnobySinam\/?post_type=product&#038;p=4777"},"modified":"2023-03-01T09:32:38","modified_gmt":"2023-03-01T14:32:38","slug":"katana-kin-ran-funcional","status":"publish","type":"product","link":"https:\/\/ninjutsu.com.co\/ArnobySinam\/producto\/katana-kin-ran-funcional\/","title":{"rendered":"Katana Kin Ran &#8211; Funcional"},"content":{"rendered":"<p>La Katana Kin Ran (\u91d1\u862d) est\u00e1 decorada en la tsuba con una hermosa orqu\u00eddea dorada, al igual que en la tsuka gashira.<br \/>\nLa hoja est\u00e1 elaborada en acero al carbono 1045 de alta calidad con un filo excelente para cortes reales.<br \/>\nEspada completamente funcional. Incluye funda en tela negra para su transporte.<\/p>\n<p><span style=\"color: #ffcc00;\"><strong>INCLUYE CERTIFICADO DE AUTENTICIDAD<\/strong><\/span><\/p>\n<p><strong>Caracter\u00edsticas:<\/strong><\/p>\n<p>* La hoja de la espada ha sido hecha en acero al carbono 1045 de alta calidad. Este es acero templado. Un Bohi aparece en la parte superior de la hoja.<br \/>\n* La hoja es completa hasta la empu\u00f1adura, haciendo de esta espada totalmente funcional.<br \/>\n* La Saya de la espada es de madera con un acabado negro mate. Un Sageo en algod\u00f3n negro ha sido amarrado en el brillante Kurigata de bronce.<br \/>\n* El Habaki es una construcci\u00f3n de una sola pieza de lat\u00f3n. La tsuba es en metal negro con algunas partes de la decoraci\u00f3n en color dorado. Dos Seppa aseguran la Tsuba.<br \/>\n* El Fuchi es de acero negro. El n\u00facleo de la empu\u00f1adura es de madera con una imitaci\u00f3n de piel de raya en blanco que la cubre completamente. Una cuerda negra (Ito) envuelve toda la empu\u00f1adura en un trenzado triangular tradicional. Dos Mekugi de bamb\u00fa aseguran la hoja de la espada. Dos Menuki dorados est\u00e1n a cada lado de la Tsuka (empu\u00f1adura).<\/p>\n<p><strong>Medidas:<\/strong><\/p>\n<p>&#8211; Espada con la hoja enfundada: 102 cms.<br \/>\n&#8211; Funda (saya): 75 cms.<br \/>\n&#8211; Empu\u00f1adura (tsuka): 27 cms.<br \/>\n&#8211; Hoja con el seguro (habaki): 71,5 cms.<br \/>\n&#8211; Ancho de la hoja: 3 cms.<br \/>\n&#8211; Grueso de la hoja: 0,6 cms.<br \/>\n&#8211; Ancho de la empu\u00f1adura: 3,9 cms.<br \/>\n&#8211; Ancho de la funda (saya): 4,1 cms.<\/p>\n","protected":false},"excerpt":{"rendered":"<p>La Katana Kin Ran (\u91d1\u862d) est\u00e1 decorada en la tsuba con una hermosa orqu\u00eddea dorada, al igual que en la tsuka gashira. La hoja est\u00e1 elaborada en acero al carbono 1045 de alta calidad con un filo excelente para cortes reales. Espada completamente funcional. Incluye funda en tela negra para su transporte. INCLUYE CERTIFICADO DE [&hellip;]<\/p>\n","protected":false},"featured_media":4779,"comment_status":"open","ping_status":"closed","template":"","meta":{"site-sidebar-layout":"default","site-content-layout":"default","ast-site-content-layout":"default","site-content-style":"default","site-sidebar-style":"default","ast-global-header-display":"","ast-banner-title-visibility":"","ast-main-header-display":"","ast-hfb-above-header-display":"","ast-hfb-below-header-display":"","ast-hfb-mobile-header-display":"","site-post-title":"","ast-breadcrumbs-content":"","ast-featured-img":"","footer-sml-layout":"","theme-transparent-header-meta":"default","adv-header-id-meta":"","stick-header-meta":"default","header-above-stick-meta":"","header-main-stick-meta":"","header-below-stick-meta":"","astra-migrate-meta-layouts":"default","ast-page-background-enabled":"default","ast-page-background-meta":{"desktop":{"background-color":"","background-image":"","background-repeat":"repeat","background-position":"center center","background-size":"auto","background-attachment":"scroll","background-type":"","background-media":"","overlay-type":"","overlay-color":"","overlay-opacity":"","overlay-gradient":""},"tablet":{"background-color":"","background-image":"","background-repeat":"repeat","background-position":"center center","background-size":"auto","background-attachment":"scroll","background-type":"","background-media":"","overlay-type":"","overlay-color":"","overlay-opacity":"","overlay-gradient":""},"mobile":{"background-color":"","background-image":"","background-repeat":"repeat","background-position":"center center","background-size":"auto","background-attachment":"scroll","background-type":"","background-media":"","overlay-type":"","overlay-color":"","overlay-opacity":"","overlay-gradient":""}},"ast-content-background-meta":{"desktop":{"background-color":"var(--ast-global-color-5)","background-image":"","background-repeat":"repeat","background-position":"center center","background-size":"auto","background-attachment":"scroll","background-type":"","background-media":"","overlay-type":"","overlay-color":"","overlay-opacity":"","overlay-gradient":""},"tablet":{"background-color":"var(--ast-global-color-5)","background-image":"","background-repeat":"repeat","background-position":"center center","background-size":"auto","background-attachment":"scroll","background-type":"","background-media":"","overlay-type":"","overlay-color":"","overlay-opacity":"","overlay-gradient":""},"mobile":{"background-color":"var(--ast-global-color-5)","background-image":"","background-repeat":"repeat","background-position":"center center","background-size":"auto","background-attachment":"scroll","background-type":"","background-media":"","overlay-type":"","overlay-color":"","overlay-opacity":"","overlay-gradient":""}},"ngg_post_thumbnail":0},"product_brand":[],"product_cat":[36],"product_tag":[],"class_list":{"0":"post-4777","1":"product","2":"type-product","3":"status-publish","4":"has-post-thumbnail","6":"product_cat-9-espadas-katana","7":"desktop-align-center","8":"tablet-align-left","9":"mobile-align-left","10":"ast-product-gallery-layout-horizontal-slider","11":"ast-magnify-disabled","12":"ast-product-tabs-layout-horizontal","14":"first","15":"instock","16":"shipping-taxable","17":"purchasable","18":"product-type-simple"},"yoast_head":"<!-- This site is optimized with the Yoast SEO Premium plugin v20.1 (Yoast SEO v26.5) - https:\/\/yoast.com\/wordpress\/plugins\/seo\/ -->\n<title>Katana Kin Ran - Funcional - Artes Marciales - ARNOBY SINAM<\/title>\n<meta name=\"robots\" content=\"index, follow, max-snippet:-1, max-image-preview:large, max-video-preview:-1\" \/>\n<link rel=\"canonical\" href=\"https:\/\/ninjutsu.com.co\/ArnobySinam\/producto\/katana-kin-ran-funcional\/\" \/>\n<meta property=\"og:locale\" content=\"es_ES\" \/>\n<meta property=\"og:type\" content=\"article\" \/>\n<meta property=\"og:title\" content=\"Katana Kin Ran - Funcional\" \/>\n<meta property=\"og:description\" content=\"La Katana Kin Ran (\u91d1\u862d) est\u00e1 decorada en la tsuba con una hermosa orqu\u00eddea dorada, al igual que en la tsuka gashira. La hoja est\u00e1 elaborada en acero al carbono 1045 de alta calidad con un filo excelente para cortes reales. Espada completamente funcional. Incluye funda en tela negra para su transporte. INCLUYE CERTIFICADO DE [&hellip;]\" \/>\n<meta property=\"og:url\" content=\"https:\/\/ninjutsu.com.co\/ArnobySinam\/producto\/katana-kin-ran-funcional\/\" \/>\n<meta property=\"og:site_name\" content=\"Artes Marciales - ARNOBY SINAM\" \/>\n<meta property=\"article:publisher\" content=\"https:\/\/www.facebook.com\/BujinkanColombia\" \/>\n<meta property=\"article:modified_time\" content=\"2023-03-01T14:32:38+00:00\" \/>\n<meta property=\"og:image\" content=\"https:\/\/ninjutsu.com.co\/ArnobySinam\/wp-content\/uploads\/2023\/03\/ARSW523B.jpg\" \/>\n\t<meta property=\"og:image:width\" content=\"600\" \/>\n\t<meta property=\"og:image:height\" content=\"600\" \/>\n\t<meta property=\"og:image:type\" content=\"image\/jpeg\" \/>\n<meta name=\"twitter:card\" content=\"summary_large_image\" \/>\n<meta name=\"twitter:label1\" content=\"Tiempo de lectura\" \/>\n\t<meta name=\"twitter:data1\" content=\"2 minutos\" \/>\n<script type=\"application\/ld+json\" class=\"yoast-schema-graph\">{\"@context\":\"https:\/\/schema.org\",\"@graph\":[{\"@type\":\"WebPage\",\"@id\":\"https:\/\/ninjutsu.com.co\/ArnobySinam\/producto\/katana-kin-ran-funcional\/\",\"url\":\"https:\/\/ninjutsu.com.co\/ArnobySinam\/producto\/katana-kin-ran-funcional\/\",\"name\":\"Katana Kin Ran - Funcional - Artes Marciales - ARNOBY SINAM\",\"isPartOf\":{\"@id\":\"https:\/\/ninjutsu.com.co\/ArnobySinam\/#website\"},\"primaryImageOfPage\":{\"@id\":\"https:\/\/ninjutsu.com.co\/ArnobySinam\/producto\/katana-kin-ran-funcional\/#primaryimage\"},\"image\":{\"@id\":\"https:\/\/ninjutsu.com.co\/ArnobySinam\/producto\/katana-kin-ran-funcional\/#primaryimage\"},\"thumbnailUrl\":\"https:\/\/i0.wp.com\/ninjutsu.com.co\/ArnobySinam\/wp-content\/uploads\/2023\/03\/ARSW523B.jpg?fit=600%2C600&ssl=1\",\"datePublished\":\"2023-03-01T14:32:37+00:00\",\"dateModified\":\"2023-03-01T14:32:38+00:00\",\"breadcrumb\":{\"@id\":\"https:\/\/ninjutsu.com.co\/ArnobySinam\/producto\/katana-kin-ran-funcional\/#breadcrumb\"},\"inLanguage\":\"es\",\"potentialAction\":[{\"@type\":\"ReadAction\",\"target\":[\"https:\/\/ninjutsu.com.co\/ArnobySinam\/producto\/katana-kin-ran-funcional\/\"]}]},{\"@type\":\"ImageObject\",\"inLanguage\":\"es\",\"@id\":\"https:\/\/ninjutsu.com.co\/ArnobySinam\/producto\/katana-kin-ran-funcional\/#primaryimage\",\"url\":\"https:\/\/i0.wp.com\/ninjutsu.com.co\/ArnobySinam\/wp-content\/uploads\/2023\/03\/ARSW523B.jpg?fit=600%2C600&ssl=1\",\"contentUrl\":\"https:\/\/i0.wp.com\/ninjutsu.com.co\/ArnobySinam\/wp-content\/uploads\/2023\/03\/ARSW523B.jpg?fit=600%2C600&ssl=1\",\"width\":600,\"height\":600},{\"@type\":\"BreadcrumbList\",\"@id\":\"https:\/\/ninjutsu.com.co\/ArnobySinam\/producto\/katana-kin-ran-funcional\/#breadcrumb\",\"itemListElement\":[{\"@type\":\"ListItem\",\"position\":1,\"name\":\"Home\",\"item\":\"https:\/\/ninjutsu.com.co\/ArnobySinam\/\"},{\"@type\":\"ListItem\",\"position\":2,\"name\":\"Tienda\",\"item\":\"https:\/\/ninjutsu.com.co\/ArnobySinam\/tienda\/\"},{\"@type\":\"ListItem\",\"position\":3,\"name\":\"Katana Kin Ran &#8211; Funcional\"}]},{\"@type\":\"WebSite\",\"@id\":\"https:\/\/ninjutsu.com.co\/ArnobySinam\/#website\",\"url\":\"https:\/\/ninjutsu.com.co\/ArnobySinam\/\",\"name\":\"Ninjutsu Colombia - ARNOBY SINAM\",\"description\":\"Artes Marciales, cultura japonesa y supervivencia - Colombia\",\"publisher\":{\"@id\":\"https:\/\/ninjutsu.com.co\/ArnobySinam\/#organization\"},\"alternateName\":\"Artes Marciales, Ninjutsu y Kenjutsu\",\"potentialAction\":[{\"@type\":\"SearchAction\",\"target\":{\"@type\":\"EntryPoint\",\"urlTemplate\":\"https:\/\/ninjutsu.com.co\/ArnobySinam\/?s={search_term_string}\"},\"query-input\":{\"@type\":\"PropertyValueSpecification\",\"valueRequired\":true,\"valueName\":\"search_term_string\"}}],\"inLanguage\":\"es\"},{\"@type\":\"Organization\",\"@id\":\"https:\/\/ninjutsu.com.co\/ArnobySinam\/#organization\",\"name\":\"Ninjutsu Colombia - ARNOBY SINAM\",\"url\":\"https:\/\/ninjutsu.com.co\/ArnobySinam\/\",\"logo\":{\"@type\":\"ImageObject\",\"inLanguage\":\"es\",\"@id\":\"https:\/\/ninjutsu.com.co\/ArnobySinam\/#\/schema\/logo\/image\/\",\"url\":\"https:\/\/i0.wp.com\/ninjutsu.com.co\/ArnobySinam\/wp-content\/uploads\/2023\/02\/Logo2023NINYT.png?fit=1134%2C1134&ssl=1\",\"contentUrl\":\"https:\/\/i0.wp.com\/ninjutsu.com.co\/ArnobySinam\/wp-content\/uploads\/2023\/02\/Logo2023NINYT.png?fit=1134%2C1134&ssl=1\",\"width\":1134,\"height\":1134,\"caption\":\"Ninjutsu Colombia - ARNOBY SINAM\"},\"image\":{\"@id\":\"https:\/\/ninjutsu.com.co\/ArnobySinam\/#\/schema\/logo\/image\/\"},\"sameAs\":[\"https:\/\/www.facebook.com\/BujinkanColombia\",\"https:\/\/www.instagram.com\/BujinkanColombia\",\"https:\/\/www.youtube.com\/BujinkanColombia\"]}]}<\/script>\n<!-- \/ Yoast SEO Premium plugin. -->","yoast_head_json":{"title":"Katana Kin Ran - Funcional - Artes Marciales - ARNOBY SINAM","robots":{"index":"index","follow":"follow","max-snippet":"max-snippet:-1","max-image-preview":"max-image-preview:large","max-video-preview":"max-video-preview:-1"},"canonical":"https:\/\/ninjutsu.com.co\/ArnobySinam\/producto\/katana-kin-ran-funcional\/","og_locale":"es_ES","og_type":"article","og_title":"Katana Kin Ran - Funcional","og_description":"La Katana Kin Ran (\u91d1\u862d) est\u00e1 decorada en la tsuba con una hermosa orqu\u00eddea dorada, al igual que en la tsuka gashira. La hoja est\u00e1 elaborada en acero al carbono 1045 de alta calidad con un filo excelente para cortes reales. Espada completamente funcional. Incluye funda en tela negra para su transporte. INCLUYE CERTIFICADO DE [&hellip;]","og_url":"https:\/\/ninjutsu.com.co\/ArnobySinam\/producto\/katana-kin-ran-funcional\/","og_site_name":"Artes Marciales - ARNOBY SINAM","article_publisher":"https:\/\/www.facebook.com\/BujinkanColombia","article_modified_time":"2023-03-01T14:32:38+00:00","og_image":[{"width":600,"height":600,"url":"https:\/\/ninjutsu.com.co\/ArnobySinam\/wp-content\/uploads\/2023\/03\/ARSW523B.jpg","type":"image\/jpeg"}],"twitter_card":"summary_large_image","twitter_misc":{"Tiempo de lectura":"2 minutos"},"schema":{"@context":"https:\/\/schema.org","@graph":[{"@type":"WebPage","@id":"https:\/\/ninjutsu.com.co\/ArnobySinam\/producto\/katana-kin-ran-funcional\/","url":"https:\/\/ninjutsu.com.co\/ArnobySinam\/producto\/katana-kin-ran-funcional\/","name":"Katana Kin Ran - Funcional - Artes Marciales - ARNOBY SINAM","isPartOf":{"@id":"https:\/\/ninjutsu.com.co\/ArnobySinam\/#website"},"primaryImageOfPage":{"@id":"https:\/\/ninjutsu.com.co\/ArnobySinam\/producto\/katana-kin-ran-funcional\/#primaryimage"},"image":{"@id":"https:\/\/ninjutsu.com.co\/ArnobySinam\/producto\/katana-kin-ran-funcional\/#primaryimage"},"thumbnailUrl":"https:\/\/i0.wp.com\/ninjutsu.com.co\/ArnobySinam\/wp-content\/uploads\/2023\/03\/ARSW523B.jpg?fit=600%2C600&ssl=1","datePublished":"2023-03-01T14:32:37+00:00","dateModified":"2023-03-01T14:32:38+00:00","breadcrumb":{"@id":"https:\/\/ninjutsu.com.co\/ArnobySinam\/producto\/katana-kin-ran-funcional\/#breadcrumb"},"inLanguage":"es","potentialAction":[{"@type":"ReadAction","target":["https:\/\/ninjutsu.com.co\/ArnobySinam\/producto\/katana-kin-ran-funcional\/"]}]},{"@type":"ImageObject","inLanguage":"es","@id":"https:\/\/ninjutsu.com.co\/ArnobySinam\/producto\/katana-kin-ran-funcional\/#primaryimage","url":"https:\/\/i0.wp.com\/ninjutsu.com.co\/ArnobySinam\/wp-content\/uploads\/2023\/03\/ARSW523B.jpg?fit=600%2C600&ssl=1","contentUrl":"https:\/\/i0.wp.com\/ninjutsu.com.co\/ArnobySinam\/wp-content\/uploads\/2023\/03\/ARSW523B.jpg?fit=600%2C600&ssl=1","width":600,"height":600},{"@type":"BreadcrumbList","@id":"https:\/\/ninjutsu.com.co\/ArnobySinam\/producto\/katana-kin-ran-funcional\/#breadcrumb","itemListElement":[{"@type":"ListItem","position":1,"name":"Home","item":"https:\/\/ninjutsu.com.co\/ArnobySinam\/"},{"@type":"ListItem","position":2,"name":"Tienda","item":"https:\/\/ninjutsu.com.co\/ArnobySinam\/tienda\/"},{"@type":"ListItem","position":3,"name":"Katana Kin Ran &#8211; Funcional"}]},{"@type":"WebSite","@id":"https:\/\/ninjutsu.com.co\/ArnobySinam\/#website","url":"https:\/\/ninjutsu.com.co\/ArnobySinam\/","name":"Ninjutsu Colombia - ARNOBY SINAM","description":"Artes Marciales, cultura japonesa y supervivencia - Colombia","publisher":{"@id":"https:\/\/ninjutsu.com.co\/ArnobySinam\/#organization"},"alternateName":"Artes Marciales, Ninjutsu y Kenjutsu","potentialAction":[{"@type":"SearchAction","target":{"@type":"EntryPoint","urlTemplate":"https:\/\/ninjutsu.com.co\/ArnobySinam\/?s={search_term_string}"},"query-input":{"@type":"PropertyValueSpecification","valueRequired":true,"valueName":"search_term_string"}}],"inLanguage":"es"},{"@type":"Organization","@id":"https:\/\/ninjutsu.com.co\/ArnobySinam\/#organization","name":"Ninjutsu Colombia - ARNOBY SINAM","url":"https:\/\/ninjutsu.com.co\/ArnobySinam\/","logo":{"@type":"ImageObject","inLanguage":"es","@id":"https:\/\/ninjutsu.com.co\/ArnobySinam\/#\/schema\/logo\/image\/","url":"https:\/\/i0.wp.com\/ninjutsu.com.co\/ArnobySinam\/wp-content\/uploads\/2023\/02\/Logo2023NINYT.png?fit=1134%2C1134&ssl=1","contentUrl":"https:\/\/i0.wp.com\/ninjutsu.com.co\/ArnobySinam\/wp-content\/uploads\/2023\/02\/Logo2023NINYT.png?fit=1134%2C1134&ssl=1","width":1134,"height":1134,"caption":"Ninjutsu Colombia - ARNOBY SINAM"},"image":{"@id":"https:\/\/ninjutsu.com.co\/ArnobySinam\/#\/schema\/logo\/image\/"},"sameAs":["https:\/\/www.facebook.com\/BujinkanColombia","https:\/\/www.instagram.com\/BujinkanColombia","https:\/\/www.youtube.com\/BujinkanColombia"]}]}},"jetpack_sharing_enabled":true,"_links":{"self":[{"href":"https:\/\/ninjutsu.com.co\/ArnobySinam\/wp-json\/wp\/v2\/product\/4777","targetHints":{"allow":["GET"]}}],"collection":[{"href":"https:\/\/ninjutsu.com.co\/ArnobySinam\/wp-json\/wp\/v2\/product"}],"about":[{"href":"https:\/\/ninjutsu.com.co\/ArnobySinam\/wp-json\/wp\/v2\/types\/product"}],"replies":[{"embeddable":true,"href":"https:\/\/ninjutsu.com.co\/ArnobySinam\/wp-json\/wp\/v2\/comments?post=4777"}],"version-history":[{"count":1,"href":"https:\/\/ninjutsu.com.co\/ArnobySinam\/wp-json\/wp\/v2\/product\/4777\/revisions"}],"predecessor-version":[{"id":4781,"href":"https:\/\/ninjutsu.com.co\/ArnobySinam\/wp-json\/wp\/v2\/product\/4777\/revisions\/4781"}],"wp:featuredmedia":[{"embeddable":true,"href":"https:\/\/ninjutsu.com.co\/ArnobySinam\/wp-json\/wp\/v2\/media\/4779"}],"wp:attachment":[{"href":"https:\/\/ninjutsu.com.co\/ArnobySinam\/wp-json\/wp\/v2\/media?parent=4777"}],"wp:term":[{"taxonomy":"product_brand","embeddable":true,"href":"https:\/\/ninjutsu.com.co\/ArnobySinam\/wp-json\/wp\/v2\/product_brand?post=4777"},{"taxonomy":"product_cat","embeddable":true,"href":"https:\/\/ninjutsu.com.co\/ArnobySinam\/wp-json\/wp\/v2\/product_cat?post=4777"},{"taxonomy":"product_tag","embeddable":true,"href":"https:\/\/ninjutsu.com.co\/ArnobySinam\/wp-json\/wp\/v2\/product_tag?post=4777"}],"curies":[{"name":"wp","href":"https:\/\/api.w.org\/{rel}","templated":true}]}}