{"id":5004,"date":"2023-03-17T21:10:45","date_gmt":"2023-03-18T02:10:45","guid":{"rendered":"https:\/\/ninjutsu.com.co\/ArnobySinam\/?post_type=product&#038;p=5004"},"modified":"2024-04-22T17:34:13","modified_gmt":"2024-04-22T22:34:13","slug":"seminario-hiragana","status":"publish","type":"product","link":"https:\/\/ninjutsu.com.co\/ArnobySinam\/producto\/seminario-hiragana\/","title":{"rendered":"Seminario Hiragana"},"content":{"rendered":"<h2><span style=\"color: #ffcc00;\">Descripci\u00f3n:<\/span><\/h2>\n<p>Este evento est\u00e1 dirigido a todas las personas interesadas en aprender sobre la cultura japonesa y de este modo darse inicio en el estudio del idioma japon\u00e9s escrito, el <b>HIRAGANA<\/b>.<br \/>\nNo se necesita ning\u00fan conocimiento previo; tampoco de elementos especiales, ya que con s\u00f3lo un cuaderno y un lapicero es suficiente para dar rienda suelta a todo este m\u00e9todo de aprendizaje de la lengua japonesa.<br \/>\nSer\u00e1n 6 horas teorico-pr\u00e1cticas donde veremos paso a paso y de forma clara y sencilla cada uno de los elementos que conforman este m\u00e9todo de escritura japonesa.<\/p>\n<p><b>Dirige:<\/b> Lic. Arnoby Sinam Alba, cintur\u00f3n negro en Ninjutsu, diplomado en Jap\u00f3n.<\/p>\n<p><b>Fecha:<\/b> Junio 23 y 30 de 2.024<br \/>\n<b>GOOGLE MEET<\/b><br \/>\n<b>INVERSI\u00d3N:<\/b> $200.000= (50 USD)<\/p>\n<p><span style=\"color: #ffcc00;\"><strong>INSCRIPCIONES ABIERTAS<\/strong><\/span><\/p>\n<p>Durante el curso nuestros alumnos dispondr\u00e1n de nuestra aula virtual, desde donde tendr\u00e1n recursos que los ayudar\u00e1n a entender de una mejor manera nuestras ense\u00f1anzas.<\/p>\n<p><span style=\"color: #ffcc00;\"><strong>CERTIFICADO:<\/strong><\/span> Si requiere de un certificado de participaci\u00f3n, puede solicitar uno en f\u00edsico abonando $40.000=<\/p>\n<p><strong>INFORMES:<\/strong><br \/>\nWhatsapp: +57 317-374 00 70<br \/>\ninfo@ArnobySinam.com<\/p>\n<p><strong>MEDIOS DE PAGO:<\/strong><br \/>\nNequi, Daviplata, transferencia bancaria a Davivienda y tarjetas de cr\u00e9dito<\/p>\n","protected":false},"excerpt":{"rendered":"<p>Descripci\u00f3n: Este evento est\u00e1 dirigido a todas las personas interesadas en aprender sobre la cultura japonesa y de este modo darse inicio en el estudio del idioma japon\u00e9s escrito, el HIRAGANA. No se necesita ning\u00fan conocimiento previo; tampoco de elementos especiales, ya que con s\u00f3lo un cuaderno y un lapicero es suficiente para dar rienda [&hellip;]<\/p>\n","protected":false},"featured_media":7783,"comment_status":"open","ping_status":"closed","template":"","meta":{"site-sidebar-layout":"default","site-content-layout":"default","ast-site-content-layout":"default","site-content-style":"default","site-sidebar-style":"default","ast-global-header-display":"","ast-banner-title-visibility":"","ast-main-header-display":"","ast-hfb-above-header-display":"","ast-hfb-below-header-display":"","ast-hfb-mobile-header-display":"","site-post-title":"","ast-breadcrumbs-content":"","ast-featured-img":"","footer-sml-layout":"","theme-transparent-header-meta":"default","adv-header-id-meta":"","stick-header-meta":"default","header-above-stick-meta":"","header-main-stick-meta":"","header-below-stick-meta":"","astra-migrate-meta-layouts":"default","ast-page-background-enabled":"default","ast-page-background-meta":{"desktop":{"background-color":"","background-image":"","background-repeat":"repeat","background-position":"center center","background-size":"auto","background-attachment":"scroll","background-type":"","background-media":"","overlay-type":"","overlay-color":"","overlay-opacity":"","overlay-gradient":""},"tablet":{"background-color":"","background-image":"","background-repeat":"repeat","background-position":"center center","background-size":"auto","background-attachment":"scroll","background-type":"","background-media":"","overlay-type":"","overlay-color":"","overlay-opacity":"","overlay-gradient":""},"mobile":{"background-color":"","background-image":"","background-repeat":"repeat","background-position":"center center","background-size":"auto","background-attachment":"scroll","background-type":"","background-media":"","overlay-type":"","overlay-color":"","overlay-opacity":"","overlay-gradient":""}},"ast-content-background-meta":{"desktop":{"background-color":"var(--ast-global-color-5)","background-image":"","background-repeat":"repeat","background-position":"center center","background-size":"auto","background-attachment":"scroll","background-type":"","background-media":"","overlay-type":"","overlay-color":"","overlay-opacity":"","overlay-gradient":""},"tablet":{"background-color":"var(--ast-global-color-5)","background-image":"","background-repeat":"repeat","background-position":"center center","background-size":"auto","background-attachment":"scroll","background-type":"","background-media":"","overlay-type":"","overlay-color":"","overlay-opacity":"","overlay-gradient":""},"mobile":{"background-color":"var(--ast-global-color-5)","background-image":"","background-repeat":"repeat","background-position":"center center","background-size":"auto","background-attachment":"scroll","background-type":"","background-media":"","overlay-type":"","overlay-color":"","overlay-opacity":"","overlay-gradient":""}},"ngg_post_thumbnail":0},"product_brand":[],"product_cat":[28],"product_tag":[],"class_list":{"0":"post-5004","1":"product","2":"type-product","3":"status-publish","4":"has-post-thumbnail","6":"product_cat-7-seminarios","7":"desktop-align-center","8":"tablet-align-left","9":"mobile-align-left","10":"ast-product-gallery-layout-horizontal-slider","11":"ast-product-gallery-with-no-image","12":"ast-magnify-disabled","13":"ast-product-tabs-layout-horizontal","15":"first","16":"instock","17":"virtual","18":"purchasable","19":"product-type-simple"},"yoast_head":"<!-- This site is optimized with the Yoast SEO Premium plugin v20.1 (Yoast SEO v26.5) - https:\/\/yoast.com\/wordpress\/plugins\/seo\/ -->\n<title>Seminario Hiragana - Artes Marciales - ARNOBY SINAM<\/title>\n<meta name=\"robots\" content=\"index, follow, max-snippet:-1, max-image-preview:large, max-video-preview:-1\" \/>\n<link rel=\"canonical\" href=\"https:\/\/ninjutsu.com.co\/ArnobySinam\/producto\/seminario-hiragana\/\" \/>\n<meta property=\"og:locale\" content=\"es_ES\" \/>\n<meta property=\"og:type\" content=\"article\" \/>\n<meta property=\"og:title\" content=\"Seminario Hiragana\" \/>\n<meta property=\"og:description\" content=\"Descripci\u00f3n: Este evento est\u00e1 dirigido a todas las personas interesadas en aprender sobre la cultura japonesa y de este modo darse inicio en el estudio del idioma japon\u00e9s escrito, el HIRAGANA. No se necesita ning\u00fan conocimiento previo; tampoco de elementos especiales, ya que con s\u00f3lo un cuaderno y un lapicero es suficiente para dar rienda [&hellip;]\" \/>\n<meta property=\"og:url\" content=\"https:\/\/ninjutsu.com.co\/ArnobySinam\/producto\/seminario-hiragana\/\" \/>\n<meta property=\"og:site_name\" content=\"Artes Marciales - ARNOBY SINAM\" \/>\n<meta property=\"article:publisher\" content=\"https:\/\/www.facebook.com\/BujinkanColombia\" \/>\n<meta property=\"article:modified_time\" content=\"2024-04-22T22:34:13+00:00\" \/>\n<meta property=\"og:image\" content=\"https:\/\/ninjutsu.com.co\/ArnobySinam\/wp-content\/uploads\/2024\/04\/4to-2024B.jpg\" \/>\n\t<meta property=\"og:image:width\" content=\"794\" \/>\n\t<meta property=\"og:image:height\" content=\"794\" \/>\n\t<meta property=\"og:image:type\" content=\"image\/jpeg\" \/>\n<meta name=\"twitter:card\" content=\"summary_large_image\" \/>\n<meta name=\"twitter:label1\" content=\"Tiempo de lectura\" \/>\n\t<meta name=\"twitter:data1\" content=\"2 minutos\" \/>\n<script type=\"application\/ld+json\" class=\"yoast-schema-graph\">{\"@context\":\"https:\/\/schema.org\",\"@graph\":[{\"@type\":\"WebPage\",\"@id\":\"https:\/\/ninjutsu.com.co\/ArnobySinam\/producto\/seminario-hiragana\/\",\"url\":\"https:\/\/ninjutsu.com.co\/ArnobySinam\/producto\/seminario-hiragana\/\",\"name\":\"Seminario Hiragana - Artes Marciales - ARNOBY SINAM\",\"isPartOf\":{\"@id\":\"https:\/\/ninjutsu.com.co\/ArnobySinam\/#website\"},\"primaryImageOfPage\":{\"@id\":\"https:\/\/ninjutsu.com.co\/ArnobySinam\/producto\/seminario-hiragana\/#primaryimage\"},\"image\":{\"@id\":\"https:\/\/ninjutsu.com.co\/ArnobySinam\/producto\/seminario-hiragana\/#primaryimage\"},\"thumbnailUrl\":\"https:\/\/i0.wp.com\/ninjutsu.com.co\/ArnobySinam\/wp-content\/uploads\/2024\/04\/4to-2024B.jpg?fit=794%2C794&ssl=1\",\"datePublished\":\"2023-03-18T02:10:45+00:00\",\"dateModified\":\"2024-04-22T22:34:13+00:00\",\"breadcrumb\":{\"@id\":\"https:\/\/ninjutsu.com.co\/ArnobySinam\/producto\/seminario-hiragana\/#breadcrumb\"},\"inLanguage\":\"es\",\"potentialAction\":[{\"@type\":\"ReadAction\",\"target\":[\"https:\/\/ninjutsu.com.co\/ArnobySinam\/producto\/seminario-hiragana\/\"]}]},{\"@type\":\"ImageObject\",\"inLanguage\":\"es\",\"@id\":\"https:\/\/ninjutsu.com.co\/ArnobySinam\/producto\/seminario-hiragana\/#primaryimage\",\"url\":\"https:\/\/i0.wp.com\/ninjutsu.com.co\/ArnobySinam\/wp-content\/uploads\/2024\/04\/4to-2024B.jpg?fit=794%2C794&ssl=1\",\"contentUrl\":\"https:\/\/i0.wp.com\/ninjutsu.com.co\/ArnobySinam\/wp-content\/uploads\/2024\/04\/4to-2024B.jpg?fit=794%2C794&ssl=1\",\"width\":794,\"height\":794,\"caption\":\"Seminario Virtual de Hiragana, Idioma Japon\u00e9s en Colombia por Bujinkan Ninja Dojo de Arnoby Sinam DaiShihan\"},{\"@type\":\"BreadcrumbList\",\"@id\":\"https:\/\/ninjutsu.com.co\/ArnobySinam\/producto\/seminario-hiragana\/#breadcrumb\",\"itemListElement\":[{\"@type\":\"ListItem\",\"position\":1,\"name\":\"Home\",\"item\":\"https:\/\/ninjutsu.com.co\/ArnobySinam\/\"},{\"@type\":\"ListItem\",\"position\":2,\"name\":\"Tienda\",\"item\":\"https:\/\/ninjutsu.com.co\/ArnobySinam\/tienda\/\"},{\"@type\":\"ListItem\",\"position\":3,\"name\":\"Seminario Hiragana\"}]},{\"@type\":\"WebSite\",\"@id\":\"https:\/\/ninjutsu.com.co\/ArnobySinam\/#website\",\"url\":\"https:\/\/ninjutsu.com.co\/ArnobySinam\/\",\"name\":\"Ninjutsu Colombia - ARNOBY SINAM\",\"description\":\"Artes Marciales, cultura japonesa y supervivencia - Colombia\",\"publisher\":{\"@id\":\"https:\/\/ninjutsu.com.co\/ArnobySinam\/#organization\"},\"alternateName\":\"Artes Marciales, Ninjutsu y Kenjutsu\",\"potentialAction\":[{\"@type\":\"SearchAction\",\"target\":{\"@type\":\"EntryPoint\",\"urlTemplate\":\"https:\/\/ninjutsu.com.co\/ArnobySinam\/?s={search_term_string}\"},\"query-input\":{\"@type\":\"PropertyValueSpecification\",\"valueRequired\":true,\"valueName\":\"search_term_string\"}}],\"inLanguage\":\"es\"},{\"@type\":\"Organization\",\"@id\":\"https:\/\/ninjutsu.com.co\/ArnobySinam\/#organization\",\"name\":\"Ninjutsu Colombia - ARNOBY SINAM\",\"url\":\"https:\/\/ninjutsu.com.co\/ArnobySinam\/\",\"logo\":{\"@type\":\"ImageObject\",\"inLanguage\":\"es\",\"@id\":\"https:\/\/ninjutsu.com.co\/ArnobySinam\/#\/schema\/logo\/image\/\",\"url\":\"https:\/\/i0.wp.com\/ninjutsu.com.co\/ArnobySinam\/wp-content\/uploads\/2023\/02\/Logo2023NINYT.png?fit=1134%2C1134&ssl=1\",\"contentUrl\":\"https:\/\/i0.wp.com\/ninjutsu.com.co\/ArnobySinam\/wp-content\/uploads\/2023\/02\/Logo2023NINYT.png?fit=1134%2C1134&ssl=1\",\"width\":1134,\"height\":1134,\"caption\":\"Ninjutsu Colombia - ARNOBY SINAM\"},\"image\":{\"@id\":\"https:\/\/ninjutsu.com.co\/ArnobySinam\/#\/schema\/logo\/image\/\"},\"sameAs\":[\"https:\/\/www.facebook.com\/BujinkanColombia\",\"https:\/\/www.instagram.com\/BujinkanColombia\",\"https:\/\/www.youtube.com\/BujinkanColombia\"]}]}<\/script>\n<!-- \/ Yoast SEO Premium plugin. -->","yoast_head_json":{"title":"Seminario Hiragana - Artes Marciales - ARNOBY SINAM","robots":{"index":"index","follow":"follow","max-snippet":"max-snippet:-1","max-image-preview":"max-image-preview:large","max-video-preview":"max-video-preview:-1"},"canonical":"https:\/\/ninjutsu.com.co\/ArnobySinam\/producto\/seminario-hiragana\/","og_locale":"es_ES","og_type":"article","og_title":"Seminario Hiragana","og_description":"Descripci\u00f3n: Este evento est\u00e1 dirigido a todas las personas interesadas en aprender sobre la cultura japonesa y de este modo darse inicio en el estudio del idioma japon\u00e9s escrito, el HIRAGANA. No se necesita ning\u00fan conocimiento previo; tampoco de elementos especiales, ya que con s\u00f3lo un cuaderno y un lapicero es suficiente para dar rienda [&hellip;]","og_url":"https:\/\/ninjutsu.com.co\/ArnobySinam\/producto\/seminario-hiragana\/","og_site_name":"Artes Marciales - ARNOBY SINAM","article_publisher":"https:\/\/www.facebook.com\/BujinkanColombia","article_modified_time":"2024-04-22T22:34:13+00:00","og_image":[{"width":794,"height":794,"url":"https:\/\/ninjutsu.com.co\/ArnobySinam\/wp-content\/uploads\/2024\/04\/4to-2024B.jpg","type":"image\/jpeg"}],"twitter_card":"summary_large_image","twitter_misc":{"Tiempo de lectura":"2 minutos"},"schema":{"@context":"https:\/\/schema.org","@graph":[{"@type":"WebPage","@id":"https:\/\/ninjutsu.com.co\/ArnobySinam\/producto\/seminario-hiragana\/","url":"https:\/\/ninjutsu.com.co\/ArnobySinam\/producto\/seminario-hiragana\/","name":"Seminario Hiragana - Artes Marciales - ARNOBY SINAM","isPartOf":{"@id":"https:\/\/ninjutsu.com.co\/ArnobySinam\/#website"},"primaryImageOfPage":{"@id":"https:\/\/ninjutsu.com.co\/ArnobySinam\/producto\/seminario-hiragana\/#primaryimage"},"image":{"@id":"https:\/\/ninjutsu.com.co\/ArnobySinam\/producto\/seminario-hiragana\/#primaryimage"},"thumbnailUrl":"https:\/\/i0.wp.com\/ninjutsu.com.co\/ArnobySinam\/wp-content\/uploads\/2024\/04\/4to-2024B.jpg?fit=794%2C794&ssl=1","datePublished":"2023-03-18T02:10:45+00:00","dateModified":"2024-04-22T22:34:13+00:00","breadcrumb":{"@id":"https:\/\/ninjutsu.com.co\/ArnobySinam\/producto\/seminario-hiragana\/#breadcrumb"},"inLanguage":"es","potentialAction":[{"@type":"ReadAction","target":["https:\/\/ninjutsu.com.co\/ArnobySinam\/producto\/seminario-hiragana\/"]}]},{"@type":"ImageObject","inLanguage":"es","@id":"https:\/\/ninjutsu.com.co\/ArnobySinam\/producto\/seminario-hiragana\/#primaryimage","url":"https:\/\/i0.wp.com\/ninjutsu.com.co\/ArnobySinam\/wp-content\/uploads\/2024\/04\/4to-2024B.jpg?fit=794%2C794&ssl=1","contentUrl":"https:\/\/i0.wp.com\/ninjutsu.com.co\/ArnobySinam\/wp-content\/uploads\/2024\/04\/4to-2024B.jpg?fit=794%2C794&ssl=1","width":794,"height":794,"caption":"Seminario Virtual de Hiragana, Idioma Japon\u00e9s en Colombia por Bujinkan Ninja Dojo de Arnoby Sinam DaiShihan"},{"@type":"BreadcrumbList","@id":"https:\/\/ninjutsu.com.co\/ArnobySinam\/producto\/seminario-hiragana\/#breadcrumb","itemListElement":[{"@type":"ListItem","position":1,"name":"Home","item":"https:\/\/ninjutsu.com.co\/ArnobySinam\/"},{"@type":"ListItem","position":2,"name":"Tienda","item":"https:\/\/ninjutsu.com.co\/ArnobySinam\/tienda\/"},{"@type":"ListItem","position":3,"name":"Seminario Hiragana"}]},{"@type":"WebSite","@id":"https:\/\/ninjutsu.com.co\/ArnobySinam\/#website","url":"https:\/\/ninjutsu.com.co\/ArnobySinam\/","name":"Ninjutsu Colombia - ARNOBY SINAM","description":"Artes Marciales, cultura japonesa y supervivencia - Colombia","publisher":{"@id":"https:\/\/ninjutsu.com.co\/ArnobySinam\/#organization"},"alternateName":"Artes Marciales, Ninjutsu y Kenjutsu","potentialAction":[{"@type":"SearchAction","target":{"@type":"EntryPoint","urlTemplate":"https:\/\/ninjutsu.com.co\/ArnobySinam\/?s={search_term_string}"},"query-input":{"@type":"PropertyValueSpecification","valueRequired":true,"valueName":"search_term_string"}}],"inLanguage":"es"},{"@type":"Organization","@id":"https:\/\/ninjutsu.com.co\/ArnobySinam\/#organization","name":"Ninjutsu Colombia - ARNOBY SINAM","url":"https:\/\/ninjutsu.com.co\/ArnobySinam\/","logo":{"@type":"ImageObject","inLanguage":"es","@id":"https:\/\/ninjutsu.com.co\/ArnobySinam\/#\/schema\/logo\/image\/","url":"https:\/\/i0.wp.com\/ninjutsu.com.co\/ArnobySinam\/wp-content\/uploads\/2023\/02\/Logo2023NINYT.png?fit=1134%2C1134&ssl=1","contentUrl":"https:\/\/i0.wp.com\/ninjutsu.com.co\/ArnobySinam\/wp-content\/uploads\/2023\/02\/Logo2023NINYT.png?fit=1134%2C1134&ssl=1","width":1134,"height":1134,"caption":"Ninjutsu Colombia - ARNOBY SINAM"},"image":{"@id":"https:\/\/ninjutsu.com.co\/ArnobySinam\/#\/schema\/logo\/image\/"},"sameAs":["https:\/\/www.facebook.com\/BujinkanColombia","https:\/\/www.instagram.com\/BujinkanColombia","https:\/\/www.youtube.com\/BujinkanColombia"]}]}},"jetpack_sharing_enabled":true,"_links":{"self":[{"href":"https:\/\/ninjutsu.com.co\/ArnobySinam\/wp-json\/wp\/v2\/product\/5004","targetHints":{"allow":["GET"]}}],"collection":[{"href":"https:\/\/ninjutsu.com.co\/ArnobySinam\/wp-json\/wp\/v2\/product"}],"about":[{"href":"https:\/\/ninjutsu.com.co\/ArnobySinam\/wp-json\/wp\/v2\/types\/product"}],"replies":[{"embeddable":true,"href":"https:\/\/ninjutsu.com.co\/ArnobySinam\/wp-json\/wp\/v2\/comments?post=5004"}],"version-history":[{"count":7,"href":"https:\/\/ninjutsu.com.co\/ArnobySinam\/wp-json\/wp\/v2\/product\/5004\/revisions"}],"predecessor-version":[{"id":7812,"href":"https:\/\/ninjutsu.com.co\/ArnobySinam\/wp-json\/wp\/v2\/product\/5004\/revisions\/7812"}],"wp:featuredmedia":[{"embeddable":true,"href":"https:\/\/ninjutsu.com.co\/ArnobySinam\/wp-json\/wp\/v2\/media\/7783"}],"wp:attachment":[{"href":"https:\/\/ninjutsu.com.co\/ArnobySinam\/wp-json\/wp\/v2\/media?parent=5004"}],"wp:term":[{"taxonomy":"product_brand","embeddable":true,"href":"https:\/\/ninjutsu.com.co\/ArnobySinam\/wp-json\/wp\/v2\/product_brand?post=5004"},{"taxonomy":"product_cat","embeddable":true,"href":"https:\/\/ninjutsu.com.co\/ArnobySinam\/wp-json\/wp\/v2\/product_cat?post=5004"},{"taxonomy":"product_tag","embeddable":true,"href":"https:\/\/ninjutsu.com.co\/ArnobySinam\/wp-json\/wp\/v2\/product_tag?post=5004"}],"curies":[{"name":"wp","href":"https:\/\/api.w.org\/{rel}","templated":true}]}}