{"id":803,"date":"2023-02-01T22:32:52","date_gmt":"2023-02-02T03:32:52","guid":{"rendered":"http:\/\/ninjutsu.com.co\/ArnobySinam\/?post_type=product&#038;p=803"},"modified":"2025-12-26T17:44:40","modified_gmt":"2025-12-26T22:44:40","slug":"boletin-principiante-mukyu","status":"publish","type":"product","link":"https:\/\/ninjutsu.com.co\/ArnobySinam\/producto\/boletin-principiante-mukyu\/","title":{"rendered":"Bolet\u00edn principiante &#8211; Muky\u00fb"},"content":{"rendered":"<h2><span style=\"color: #ffcc00;\">Descripci\u00f3n:<\/span><\/h2>\n<p>Este es el material de estudio (bolet\u00edn) para los alumnos que apenas se inician en el estudio del Ninjutsu en la Bujinkan Arnoby Sinam D\u00f4j\u00f4, dirigida por el DaiShihan Arnoby Sinam Alba. Es muy importante que cada alumno antes de presentar su examen para 10mo ky\u00fb, posea este material original, aparte de que lo debe comprender por completo en cuanto a teor\u00eda y t\u00e9cnica. Se prohibe la copia parcial o total; el alumno que violente esta norma ser\u00e1 expulsado del grupo.<\/p>\n<p>Este material contiene entre otros temas:<\/p>\n<p>* Beneficios que nos brindan las artes marciales.<br \/>\n* M\u00e9todo de estudio de la Bujinkan Akatsuki D\u00f4j\u00f4.<br \/>\n* Resistencia f\u00ed\u00adsica.<br \/>\n* Gimnasia acrob\u00e1tica.<br \/>\n* Taihen jutsu ukemi kata.<br \/>\n* Kamae no kata.<br \/>\n* Hoken j\u00fbropp\u00f4.<br \/>\n* Uke nagashi.<br \/>\n* Kihon happ\u00f4.<br \/>\n* Historia:<br \/>\n&#8211; Arte marcial<br \/>\n&#8211; Bujutsu<br \/>\n&#8211; Bud\u00f4<br \/>\n* Origen de artes marciales<br \/>\n* El saludo<br \/>\n* Filosof\u00ed\u00ada<br \/>\n* Vocabulario<br \/>\n* Juramento<\/p>\n","protected":false},"excerpt":{"rendered":"<p>Descripci\u00f3n: Este es el material de estudio (bolet\u00edn) para los alumnos que apenas se inician en el estudio del Ninjutsu en la Bujinkan Arnoby Sinam D\u00f4j\u00f4, dirigida por el DaiShihan Arnoby Sinam Alba. Es muy importante que cada alumno antes de presentar su examen para 10mo ky\u00fb, posea este material original, aparte de que lo [&hellip;]<\/p>\n","protected":false},"featured_media":2353,"comment_status":"open","ping_status":"closed","template":"","meta":{"site-sidebar-layout":"default","site-content-layout":"default","ast-site-content-layout":"default","site-content-style":"default","site-sidebar-style":"default","ast-global-header-display":"","ast-banner-title-visibility":"","ast-main-header-display":"","ast-hfb-above-header-display":"","ast-hfb-below-header-display":"","ast-hfb-mobile-header-display":"","site-post-title":"","ast-breadcrumbs-content":"","ast-featured-img":"","footer-sml-layout":"","theme-transparent-header-meta":"default","adv-header-id-meta":"","stick-header-meta":"default","header-above-stick-meta":"","header-main-stick-meta":"","header-below-stick-meta":"","astra-migrate-meta-layouts":"default","ast-page-background-enabled":"default","ast-page-background-meta":{"desktop":{"background-color":"","background-image":"","background-repeat":"repeat","background-position":"center center","background-size":"auto","background-attachment":"scroll","background-type":"","background-media":"","overlay-type":"","overlay-color":"","overlay-opacity":"","overlay-gradient":""},"tablet":{"background-color":"","background-image":"","background-repeat":"repeat","background-position":"center center","background-size":"auto","background-attachment":"scroll","background-type":"","background-media":"","overlay-type":"","overlay-color":"","overlay-opacity":"","overlay-gradient":""},"mobile":{"background-color":"","background-image":"","background-repeat":"repeat","background-position":"center center","background-size":"auto","background-attachment":"scroll","background-type":"","background-media":"","overlay-type":"","overlay-color":"","overlay-opacity":"","overlay-gradient":""}},"ast-content-background-meta":{"desktop":{"background-color":"var(--ast-global-color-5)","background-image":"","background-repeat":"repeat","background-position":"center center","background-size":"auto","background-attachment":"scroll","background-type":"","background-media":"","overlay-type":"","overlay-color":"","overlay-opacity":"","overlay-gradient":""},"tablet":{"background-color":"var(--ast-global-color-5)","background-image":"","background-repeat":"repeat","background-position":"center center","background-size":"auto","background-attachment":"scroll","background-type":"","background-media":"","overlay-type":"","overlay-color":"","overlay-opacity":"","overlay-gradient":""},"mobile":{"background-color":"var(--ast-global-color-5)","background-image":"","background-repeat":"repeat","background-position":"center center","background-size":"auto","background-attachment":"scroll","background-type":"","background-media":"","overlay-type":"","overlay-color":"","overlay-opacity":"","overlay-gradient":""}},"ngg_post_thumbnail":0},"product_brand":[],"product_cat":[23],"product_tag":[],"class_list":{"0":"post-803","1":"product","2":"type-product","3":"status-publish","4":"has-post-thumbnail","6":"product_cat-2-boletines","7":"desktop-align-center","8":"tablet-align-left","9":"mobile-align-left","10":"ast-product-gallery-layout-horizontal-slider","11":"ast-product-gallery-with-no-image","12":"ast-magnify-disabled","13":"ast-product-tabs-layout-horizontal","15":"first","16":"instock","17":"shipping-taxable","18":"purchasable","19":"product-type-simple"},"yoast_head":"<!-- This site is optimized with the Yoast SEO Premium plugin v20.1 (Yoast SEO v26.5) - https:\/\/yoast.com\/wordpress\/plugins\/seo\/ -->\n<title>Bolet\u00edn principiante - Muky\u00fb - Artes Marciales - ARNOBY SINAM<\/title>\n<meta name=\"robots\" content=\"index, follow, max-snippet:-1, max-image-preview:large, max-video-preview:-1\" \/>\n<link rel=\"canonical\" href=\"https:\/\/ninjutsu.com.co\/ArnobySinam\/producto\/boletin-principiante-mukyu\/\" \/>\n<meta property=\"og:locale\" content=\"es_ES\" \/>\n<meta property=\"og:type\" content=\"article\" \/>\n<meta property=\"og:title\" content=\"Bolet\u00edn principiante - Muky\u00fb\" \/>\n<meta property=\"og:description\" content=\"Descripci\u00f3n: Este es el material de estudio (bolet\u00edn) para los alumnos que apenas se inician en el estudio del Ninjutsu en la Bujinkan Arnoby Sinam D\u00f4j\u00f4, dirigida por el DaiShihan Arnoby Sinam Alba. Es muy importante que cada alumno antes de presentar su examen para 10mo ky\u00fb, posea este material original, aparte de que lo [&hellip;]\" \/>\n<meta property=\"og:url\" content=\"https:\/\/ninjutsu.com.co\/ArnobySinam\/producto\/boletin-principiante-mukyu\/\" \/>\n<meta property=\"og:site_name\" content=\"Artes Marciales - ARNOBY SINAM\" \/>\n<meta property=\"article:publisher\" content=\"https:\/\/www.facebook.com\/BujinkanColombia\" \/>\n<meta property=\"article:modified_time\" content=\"2025-12-26T22:44:40+00:00\" \/>\n<meta property=\"og:image\" content=\"https:\/\/ninjutsu.com.co\/ArnobySinam\/wp-content\/uploads\/2023\/02\/boletin1-mukyu.jpg\" \/>\n\t<meta property=\"og:image:width\" content=\"500\" \/>\n\t<meta property=\"og:image:height\" content=\"500\" \/>\n\t<meta property=\"og:image:type\" content=\"image\/jpeg\" \/>\n<meta name=\"twitter:card\" content=\"summary_large_image\" \/>\n<meta name=\"twitter:label1\" content=\"Tiempo de lectura\" \/>\n\t<meta name=\"twitter:data1\" content=\"1 minuto\" \/>\n<script type=\"application\/ld+json\" class=\"yoast-schema-graph\">{\"@context\":\"https:\/\/schema.org\",\"@graph\":[{\"@type\":\"WebPage\",\"@id\":\"https:\/\/ninjutsu.com.co\/ArnobySinam\/producto\/boletin-principiante-mukyu\/\",\"url\":\"https:\/\/ninjutsu.com.co\/ArnobySinam\/producto\/boletin-principiante-mukyu\/\",\"name\":\"Bolet\u00edn principiante - Muky\u00fb - Artes Marciales - ARNOBY SINAM\",\"isPartOf\":{\"@id\":\"https:\/\/ninjutsu.com.co\/ArnobySinam\/#website\"},\"primaryImageOfPage\":{\"@id\":\"https:\/\/ninjutsu.com.co\/ArnobySinam\/producto\/boletin-principiante-mukyu\/#primaryimage\"},\"image\":{\"@id\":\"https:\/\/ninjutsu.com.co\/ArnobySinam\/producto\/boletin-principiante-mukyu\/#primaryimage\"},\"thumbnailUrl\":\"https:\/\/i0.wp.com\/ninjutsu.com.co\/ArnobySinam\/wp-content\/uploads\/2023\/02\/boletin1-mukyu.jpg?fit=500%2C500&ssl=1\",\"datePublished\":\"2023-02-02T03:32:52+00:00\",\"dateModified\":\"2025-12-26T22:44:40+00:00\",\"breadcrumb\":{\"@id\":\"https:\/\/ninjutsu.com.co\/ArnobySinam\/producto\/boletin-principiante-mukyu\/#breadcrumb\"},\"inLanguage\":\"es\",\"potentialAction\":[{\"@type\":\"ReadAction\",\"target\":[\"https:\/\/ninjutsu.com.co\/ArnobySinam\/producto\/boletin-principiante-mukyu\/\"]}]},{\"@type\":\"ImageObject\",\"inLanguage\":\"es\",\"@id\":\"https:\/\/ninjutsu.com.co\/ArnobySinam\/producto\/boletin-principiante-mukyu\/#primaryimage\",\"url\":\"https:\/\/i0.wp.com\/ninjutsu.com.co\/ArnobySinam\/wp-content\/uploads\/2023\/02\/boletin1-mukyu.jpg?fit=500%2C500&ssl=1\",\"contentUrl\":\"https:\/\/i0.wp.com\/ninjutsu.com.co\/ArnobySinam\/wp-content\/uploads\/2023\/02\/boletin1-mukyu.jpg?fit=500%2C500&ssl=1\",\"width\":500,\"height\":500},{\"@type\":\"BreadcrumbList\",\"@id\":\"https:\/\/ninjutsu.com.co\/ArnobySinam\/producto\/boletin-principiante-mukyu\/#breadcrumb\",\"itemListElement\":[{\"@type\":\"ListItem\",\"position\":1,\"name\":\"Home\",\"item\":\"https:\/\/ninjutsu.com.co\/ArnobySinam\/\"},{\"@type\":\"ListItem\",\"position\":2,\"name\":\"Tienda\",\"item\":\"https:\/\/ninjutsu.com.co\/ArnobySinam\/tienda\/\"},{\"@type\":\"ListItem\",\"position\":3,\"name\":\"Bolet\u00edn principiante &#8211; Muky\u00fb\"}]},{\"@type\":\"WebSite\",\"@id\":\"https:\/\/ninjutsu.com.co\/ArnobySinam\/#website\",\"url\":\"https:\/\/ninjutsu.com.co\/ArnobySinam\/\",\"name\":\"Ninjutsu Colombia - ARNOBY SINAM\",\"description\":\"Artes Marciales, cultura japonesa y supervivencia - Colombia\",\"publisher\":{\"@id\":\"https:\/\/ninjutsu.com.co\/ArnobySinam\/#organization\"},\"alternateName\":\"Artes Marciales, Ninjutsu y Kenjutsu\",\"potentialAction\":[{\"@type\":\"SearchAction\",\"target\":{\"@type\":\"EntryPoint\",\"urlTemplate\":\"https:\/\/ninjutsu.com.co\/ArnobySinam\/?s={search_term_string}\"},\"query-input\":{\"@type\":\"PropertyValueSpecification\",\"valueRequired\":true,\"valueName\":\"search_term_string\"}}],\"inLanguage\":\"es\"},{\"@type\":\"Organization\",\"@id\":\"https:\/\/ninjutsu.com.co\/ArnobySinam\/#organization\",\"name\":\"Ninjutsu Colombia - ARNOBY SINAM\",\"url\":\"https:\/\/ninjutsu.com.co\/ArnobySinam\/\",\"logo\":{\"@type\":\"ImageObject\",\"inLanguage\":\"es\",\"@id\":\"https:\/\/ninjutsu.com.co\/ArnobySinam\/#\/schema\/logo\/image\/\",\"url\":\"https:\/\/i0.wp.com\/ninjutsu.com.co\/ArnobySinam\/wp-content\/uploads\/2023\/02\/Logo2023NINYT.png?fit=1134%2C1134&ssl=1\",\"contentUrl\":\"https:\/\/i0.wp.com\/ninjutsu.com.co\/ArnobySinam\/wp-content\/uploads\/2023\/02\/Logo2023NINYT.png?fit=1134%2C1134&ssl=1\",\"width\":1134,\"height\":1134,\"caption\":\"Ninjutsu Colombia - ARNOBY SINAM\"},\"image\":{\"@id\":\"https:\/\/ninjutsu.com.co\/ArnobySinam\/#\/schema\/logo\/image\/\"},\"sameAs\":[\"https:\/\/www.facebook.com\/BujinkanColombia\",\"https:\/\/www.instagram.com\/BujinkanColombia\",\"https:\/\/www.youtube.com\/BujinkanColombia\"]}]}<\/script>\n<!-- \/ Yoast SEO Premium plugin. -->","yoast_head_json":{"title":"Bolet\u00edn principiante - Muky\u00fb - Artes Marciales - ARNOBY SINAM","robots":{"index":"index","follow":"follow","max-snippet":"max-snippet:-1","max-image-preview":"max-image-preview:large","max-video-preview":"max-video-preview:-1"},"canonical":"https:\/\/ninjutsu.com.co\/ArnobySinam\/producto\/boletin-principiante-mukyu\/","og_locale":"es_ES","og_type":"article","og_title":"Bolet\u00edn principiante - Muky\u00fb","og_description":"Descripci\u00f3n: Este es el material de estudio (bolet\u00edn) para los alumnos que apenas se inician en el estudio del Ninjutsu en la Bujinkan Arnoby Sinam D\u00f4j\u00f4, dirigida por el DaiShihan Arnoby Sinam Alba. Es muy importante que cada alumno antes de presentar su examen para 10mo ky\u00fb, posea este material original, aparte de que lo [&hellip;]","og_url":"https:\/\/ninjutsu.com.co\/ArnobySinam\/producto\/boletin-principiante-mukyu\/","og_site_name":"Artes Marciales - ARNOBY SINAM","article_publisher":"https:\/\/www.facebook.com\/BujinkanColombia","article_modified_time":"2025-12-26T22:44:40+00:00","og_image":[{"width":500,"height":500,"url":"https:\/\/ninjutsu.com.co\/ArnobySinam\/wp-content\/uploads\/2023\/02\/boletin1-mukyu.jpg","type":"image\/jpeg"}],"twitter_card":"summary_large_image","twitter_misc":{"Tiempo de lectura":"1 minuto"},"schema":{"@context":"https:\/\/schema.org","@graph":[{"@type":"WebPage","@id":"https:\/\/ninjutsu.com.co\/ArnobySinam\/producto\/boletin-principiante-mukyu\/","url":"https:\/\/ninjutsu.com.co\/ArnobySinam\/producto\/boletin-principiante-mukyu\/","name":"Bolet\u00edn principiante - Muky\u00fb - Artes Marciales - ARNOBY SINAM","isPartOf":{"@id":"https:\/\/ninjutsu.com.co\/ArnobySinam\/#website"},"primaryImageOfPage":{"@id":"https:\/\/ninjutsu.com.co\/ArnobySinam\/producto\/boletin-principiante-mukyu\/#primaryimage"},"image":{"@id":"https:\/\/ninjutsu.com.co\/ArnobySinam\/producto\/boletin-principiante-mukyu\/#primaryimage"},"thumbnailUrl":"https:\/\/i0.wp.com\/ninjutsu.com.co\/ArnobySinam\/wp-content\/uploads\/2023\/02\/boletin1-mukyu.jpg?fit=500%2C500&ssl=1","datePublished":"2023-02-02T03:32:52+00:00","dateModified":"2025-12-26T22:44:40+00:00","breadcrumb":{"@id":"https:\/\/ninjutsu.com.co\/ArnobySinam\/producto\/boletin-principiante-mukyu\/#breadcrumb"},"inLanguage":"es","potentialAction":[{"@type":"ReadAction","target":["https:\/\/ninjutsu.com.co\/ArnobySinam\/producto\/boletin-principiante-mukyu\/"]}]},{"@type":"ImageObject","inLanguage":"es","@id":"https:\/\/ninjutsu.com.co\/ArnobySinam\/producto\/boletin-principiante-mukyu\/#primaryimage","url":"https:\/\/i0.wp.com\/ninjutsu.com.co\/ArnobySinam\/wp-content\/uploads\/2023\/02\/boletin1-mukyu.jpg?fit=500%2C500&ssl=1","contentUrl":"https:\/\/i0.wp.com\/ninjutsu.com.co\/ArnobySinam\/wp-content\/uploads\/2023\/02\/boletin1-mukyu.jpg?fit=500%2C500&ssl=1","width":500,"height":500},{"@type":"BreadcrumbList","@id":"https:\/\/ninjutsu.com.co\/ArnobySinam\/producto\/boletin-principiante-mukyu\/#breadcrumb","itemListElement":[{"@type":"ListItem","position":1,"name":"Home","item":"https:\/\/ninjutsu.com.co\/ArnobySinam\/"},{"@type":"ListItem","position":2,"name":"Tienda","item":"https:\/\/ninjutsu.com.co\/ArnobySinam\/tienda\/"},{"@type":"ListItem","position":3,"name":"Bolet\u00edn principiante &#8211; Muky\u00fb"}]},{"@type":"WebSite","@id":"https:\/\/ninjutsu.com.co\/ArnobySinam\/#website","url":"https:\/\/ninjutsu.com.co\/ArnobySinam\/","name":"Ninjutsu Colombia - ARNOBY SINAM","description":"Artes Marciales, cultura japonesa y supervivencia - Colombia","publisher":{"@id":"https:\/\/ninjutsu.com.co\/ArnobySinam\/#organization"},"alternateName":"Artes Marciales, Ninjutsu y Kenjutsu","potentialAction":[{"@type":"SearchAction","target":{"@type":"EntryPoint","urlTemplate":"https:\/\/ninjutsu.com.co\/ArnobySinam\/?s={search_term_string}"},"query-input":{"@type":"PropertyValueSpecification","valueRequired":true,"valueName":"search_term_string"}}],"inLanguage":"es"},{"@type":"Organization","@id":"https:\/\/ninjutsu.com.co\/ArnobySinam\/#organization","name":"Ninjutsu Colombia - ARNOBY SINAM","url":"https:\/\/ninjutsu.com.co\/ArnobySinam\/","logo":{"@type":"ImageObject","inLanguage":"es","@id":"https:\/\/ninjutsu.com.co\/ArnobySinam\/#\/schema\/logo\/image\/","url":"https:\/\/i0.wp.com\/ninjutsu.com.co\/ArnobySinam\/wp-content\/uploads\/2023\/02\/Logo2023NINYT.png?fit=1134%2C1134&ssl=1","contentUrl":"https:\/\/i0.wp.com\/ninjutsu.com.co\/ArnobySinam\/wp-content\/uploads\/2023\/02\/Logo2023NINYT.png?fit=1134%2C1134&ssl=1","width":1134,"height":1134,"caption":"Ninjutsu Colombia - ARNOBY SINAM"},"image":{"@id":"https:\/\/ninjutsu.com.co\/ArnobySinam\/#\/schema\/logo\/image\/"},"sameAs":["https:\/\/www.facebook.com\/BujinkanColombia","https:\/\/www.instagram.com\/BujinkanColombia","https:\/\/www.youtube.com\/BujinkanColombia"]}]}},"jetpack_sharing_enabled":true,"_links":{"self":[{"href":"https:\/\/ninjutsu.com.co\/ArnobySinam\/wp-json\/wp\/v2\/product\/803","targetHints":{"allow":["GET"]}}],"collection":[{"href":"https:\/\/ninjutsu.com.co\/ArnobySinam\/wp-json\/wp\/v2\/product"}],"about":[{"href":"https:\/\/ninjutsu.com.co\/ArnobySinam\/wp-json\/wp\/v2\/types\/product"}],"replies":[{"embeddable":true,"href":"https:\/\/ninjutsu.com.co\/ArnobySinam\/wp-json\/wp\/v2\/comments?post=803"}],"version-history":[{"count":5,"href":"https:\/\/ninjutsu.com.co\/ArnobySinam\/wp-json\/wp\/v2\/product\/803\/revisions"}],"predecessor-version":[{"id":2358,"href":"https:\/\/ninjutsu.com.co\/ArnobySinam\/wp-json\/wp\/v2\/product\/803\/revisions\/2358"}],"wp:featuredmedia":[{"embeddable":true,"href":"https:\/\/ninjutsu.com.co\/ArnobySinam\/wp-json\/wp\/v2\/media\/2353"}],"wp:attachment":[{"href":"https:\/\/ninjutsu.com.co\/ArnobySinam\/wp-json\/wp\/v2\/media?parent=803"}],"wp:term":[{"taxonomy":"product_brand","embeddable":true,"href":"https:\/\/ninjutsu.com.co\/ArnobySinam\/wp-json\/wp\/v2\/product_brand?post=803"},{"taxonomy":"product_cat","embeddable":true,"href":"https:\/\/ninjutsu.com.co\/ArnobySinam\/wp-json\/wp\/v2\/product_cat?post=803"},{"taxonomy":"product_tag","embeddable":true,"href":"https:\/\/ninjutsu.com.co\/ArnobySinam\/wp-json\/wp\/v2\/product_tag?post=803"}],"curies":[{"name":"wp","href":"https:\/\/api.w.org\/{rel}","templated":true}]}}